{"id":43578,"date":"2024-10-09T11:52:48","date_gmt":"2024-10-09T09:52:48","guid":{"rendered":"https:\/\/sundar.be\/product\/clean-easy-aloe-vera-gel-475-ml\/"},"modified":"2025-12-03T10:41:30","modified_gmt":"2025-12-03T09:41:30","slug":"clean-easy-aloe-vera-gel-475-ml","status":"publish","type":"product","link":"https:\/\/sundar.be\/fr\/produit\/clean-easy-aloe-vera-gel-475-ml\/","title":{"rendered":"Clean &amp; Easy Aloe Vera Gel, 475 ml"},"content":{"rendered":"<p><span style=\"color: #557e96;\"><strong>Clean &amp; Easy Aloe Vera Gel<\/strong><\/span> est un gel rafra\u00eechissant, hydratant et apaisant qui calme imm\u00e9diatement la peau apr\u00e8s l\u2019\u00e9pilation. La puissante combinaison d\u2019aloe vera pure, de glyc\u00e9rine et d\u2019allanto\u00efne r\u00e9duit les rougeurs, apaise les irritations et favorise la restauration de la barri\u00e8re cutan\u00e9e. Gr\u00e2ce \u00e0 sa texture l\u00e9g\u00e8re et non collante, la peau est instantan\u00e9ment rafra\u00eechie et retrouve confort et souplesse.  <\/p>\n","protected":false},"excerpt":{"rendered":"<div id=\"ui-id-2\" class=\"accordion_content box-border box-padding-5x no-border-top ui-accordion-content ui-corner-bottom ui-helper-reset ui-widget-content ui-accordion-content-active\" role=\"tabpanel\" aria-labelledby=\"ui-id-1\" aria-hidden=\"false\">\n<div id=\"tep-desc\" class=\"tep-section-content\">\n<p>Ce gel rafra\u00eechissant \u00e0 base d\u2019aloe vera, de glyc\u00e9rine et d\u2019allanto\u00efne calme et hydrate imm\u00e9diatement la peau apr\u00e8s l\u2019\u00e9pilation. Id\u00e9al pour r\u00e9duire rougeurs, irritations et sensations de chaleur. <\/p>\n<\/div>\n<\/div>\n<div id=\"reviewsContainer\">\n<div id=\"reviews-main-tab\">\n<div id=\"tabs-3\" class=\"accordion_heading reviews box-border box-padding-5x ui-accordion-header ui-corner-top ui-accordion-header-collapsed ui-corner-all ui-state-default ui-accordion-icons\" tabindex=\"-1\" role=\"tab\" aria-controls=\"tabs-3\" aria-selected=\"false\" aria-expanded=\"false\"><\/div>\n<\/div>\n<\/div>\n","protected":false},"featured_media":43557,"comment_status":"open","ping_status":"closed","template":"","meta":{"_acf_changed":false},"product_brand":[],"product_cat":[4767,1584,5243],"product_tag":[],"class_list":{"0":"post-43578","1":"product","2":"type-product","3":"status-publish","4":"has-post-thumbnail","6":"product_cat-beaute","7":"product_cat-depilation","8":"product_cat-soin-pres-post-epilation","10":"first","11":"instock","12":"taxable","13":"shipping-taxable","14":"product-type-simple"},"acf":[],"_links":{"self":[{"href":"https:\/\/sundar.be\/fr\/wp-json\/wp\/v2\/product\/43578","targetHints":{"allow":["GET"]}}],"collection":[{"href":"https:\/\/sundar.be\/fr\/wp-json\/wp\/v2\/product"}],"about":[{"href":"https:\/\/sundar.be\/fr\/wp-json\/wp\/v2\/types\/product"}],"replies":[{"embeddable":true,"href":"https:\/\/sundar.be\/fr\/wp-json\/wp\/v2\/comments?post=43578"}],"wp:featuredmedia":[{"embeddable":true,"href":"https:\/\/sundar.be\/fr\/wp-json\/wp\/v2\/media\/43557"}],"wp:attachment":[{"href":"https:\/\/sundar.be\/fr\/wp-json\/wp\/v2\/media?parent=43578"}],"wp:term":[{"taxonomy":"product_brand","embeddable":true,"href":"https:\/\/sundar.be\/fr\/wp-json\/wp\/v2\/product_brand?post=43578"},{"taxonomy":"product_cat","embeddable":true,"href":"https:\/\/sundar.be\/fr\/wp-json\/wp\/v2\/product_cat?post=43578"},{"taxonomy":"product_tag","embeddable":true,"href":"https:\/\/sundar.be\/fr\/wp-json\/wp\/v2\/product_tag?post=43578"}],"curies":[{"name":"wp","href":"https:\/\/api.w.org\/{rel}","templated":true}]}}