{"id":43570,"date":"2024-10-09T12:05:36","date_gmt":"2024-10-09T10:05:36","guid":{"rendered":"https:\/\/sundar.be\/product\/clean-easy-pre-wax-cleanser-473ml\/"},"modified":"2025-12-03T10:27:34","modified_gmt":"2025-12-03T09:27:34","slug":"clean-easy-pre-wax-cleanser-473ml","status":"publish","type":"product","link":"https:\/\/sundar.be\/fr\/produit\/clean-easy-pre-wax-cleanser-473ml\/","title":{"rendered":"Clean &amp; Easy Pre-Wax Cleanser, 473ml"},"content":{"rendered":"<p data-start=\"277\" data-end=\"659\"><span style=\"color: #557e96;\"><strong>Clean &amp; Easy Pre-Wax Cleanser <\/strong><\/span>est un nettoyant professionnel qui purifie et d\u00e9graisse la peau en profondeur avant chaque s\u00e9ance de cire. La formule \u00e9limine la transpiration, l\u2019huile, la poussi\u00e8re et les r\u00e9sidus de cosm\u00e9tiques, permettant une adh\u00e9rence optimale de la cire et un traitement plus efficace et plus hygi\u00e9nique. Gr\u00e2ce \u00e0 l\u2019ajout de camphre, la peau est fra\u00eeche et parfaitement pr\u00e9par\u00e9e pour une \u00e9pilation confortable et nette.  <\/p>\n","protected":false},"excerpt":{"rendered":"<p>Ce pr\u00e9-nettoyant avant \u00e9pilation nettoie, rafra\u00eechit et d\u00e9graisse la peau afin d\u2019assurer une adh\u00e9rence parfaite de la cire. Id\u00e9al pour pr\u00e9venir les irritations et garantir une \u00e9pilation aussi efficace que possible. <\/p>\n","protected":false},"featured_media":43562,"comment_status":"open","ping_status":"closed","template":"","meta":{"_acf_changed":false},"product_brand":[],"product_cat":[4767,1584,5243],"product_tag":[],"class_list":{"0":"post-43570","1":"product","2":"type-product","3":"status-publish","4":"has-post-thumbnail","6":"product_cat-beaute","7":"product_cat-depilation","8":"product_cat-soin-pres-post-epilation","10":"first","11":"instock","12":"taxable","13":"shipping-taxable","14":"product-type-simple"},"acf":[],"_links":{"self":[{"href":"https:\/\/sundar.be\/fr\/wp-json\/wp\/v2\/product\/43570","targetHints":{"allow":["GET"]}}],"collection":[{"href":"https:\/\/sundar.be\/fr\/wp-json\/wp\/v2\/product"}],"about":[{"href":"https:\/\/sundar.be\/fr\/wp-json\/wp\/v2\/types\/product"}],"replies":[{"embeddable":true,"href":"https:\/\/sundar.be\/fr\/wp-json\/wp\/v2\/comments?post=43570"}],"wp:featuredmedia":[{"embeddable":true,"href":"https:\/\/sundar.be\/fr\/wp-json\/wp\/v2\/media\/43562"}],"wp:attachment":[{"href":"https:\/\/sundar.be\/fr\/wp-json\/wp\/v2\/media?parent=43570"}],"wp:term":[{"taxonomy":"product_brand","embeddable":true,"href":"https:\/\/sundar.be\/fr\/wp-json\/wp\/v2\/product_brand?post=43570"},{"taxonomy":"product_cat","embeddable":true,"href":"https:\/\/sundar.be\/fr\/wp-json\/wp\/v2\/product_cat?post=43570"},{"taxonomy":"product_tag","embeddable":true,"href":"https:\/\/sundar.be\/fr\/wp-json\/wp\/v2\/product_tag?post=43570"}],"curies":[{"name":"wp","href":"https:\/\/api.w.org\/{rel}","templated":true}]}}