{"id":43552,"date":"2024-10-09T09:03:29","date_gmt":"2024-10-09T07:03:29","guid":{"rendered":"https:\/\/sundar.be\/product\/baehr-cartouche-en-resine-corps\/"},"modified":"2025-08-04T13:44:22","modified_gmt":"2025-08-04T11:44:22","slug":"baehr-cartouche-en-resine-corps","status":"publish","type":"product","link":"https:\/\/sundar.be\/fr\/produit\/baehr-cartouche-en-resine-corps\/","title":{"rendered":"BAEHR Cartouche en R\u00e9sine Corps"},"content":{"rendered":"<p>T\u00eate \u00e0 rouleau fixe large pour une \u00e9pilation rapide et propre de toutes les parties du corps.<\/p>\n<p>Contenu: 100 ml<\/p>\n","protected":false},"excerpt":{"rendered":"<p>BAEHR Cartouche en R\u00e9sine corps aloe vera convient aux peaux d\u00e9shydrat\u00e9es.<\/p>\n","protected":false},"featured_media":43551,"comment_status":"open","ping_status":"closed","template":"","meta":{"_acf_changed":false},"product_brand":[],"product_cat":[4767,4600,1584,5720],"product_tag":[],"class_list":{"0":"post-43552","1":"product","2":"type-product","3":"status-publish","4":"has-post-thumbnail","6":"product_cat-beaute","7":"product_cat-cartouches-de-cire","8":"product_cat-depilation","9":"product_cat-epilation-resine-sucre","11":"first","12":"instock","13":"taxable","14":"shipping-taxable","15":"product-type-simple"},"acf":[],"_links":{"self":[{"href":"https:\/\/sundar.be\/fr\/wp-json\/wp\/v2\/product\/43552","targetHints":{"allow":["GET"]}}],"collection":[{"href":"https:\/\/sundar.be\/fr\/wp-json\/wp\/v2\/product"}],"about":[{"href":"https:\/\/sundar.be\/fr\/wp-json\/wp\/v2\/types\/product"}],"replies":[{"embeddable":true,"href":"https:\/\/sundar.be\/fr\/wp-json\/wp\/v2\/comments?post=43552"}],"wp:featuredmedia":[{"embeddable":true,"href":"https:\/\/sundar.be\/fr\/wp-json\/wp\/v2\/media\/43551"}],"wp:attachment":[{"href":"https:\/\/sundar.be\/fr\/wp-json\/wp\/v2\/media?parent=43552"}],"wp:term":[{"taxonomy":"product_brand","embeddable":true,"href":"https:\/\/sundar.be\/fr\/wp-json\/wp\/v2\/product_brand?post=43552"},{"taxonomy":"product_cat","embeddable":true,"href":"https:\/\/sundar.be\/fr\/wp-json\/wp\/v2\/product_cat?post=43552"},{"taxonomy":"product_tag","embeddable":true,"href":"https:\/\/sundar.be\/fr\/wp-json\/wp\/v2\/product_tag?post=43552"}],"curies":[{"name":"wp","href":"https:\/\/api.w.org\/{rel}","templated":true}]}}