{"id":43547,"date":"2024-10-09T08:28:57","date_gmt":"2024-10-09T06:28:57","guid":{"rendered":"https:\/\/sundar.be\/product\/chauffe-cire-deluxe\/"},"modified":"2025-08-04T13:44:19","modified_gmt":"2025-08-04T11:44:19","slug":"chauffe-cire-deluxe","status":"publish","type":"product","link":"https:\/\/sundar.be\/fr\/produit\/chauffe-cire-deluxe\/","title":{"rendered":"Chauffe Cire Deluxe"},"content":{"rendered":"<div class=\"single-product-overview-details__product-tab-text single-product-overview-details__product-tab-text--is-active\" data-tab=\"description\">\n<div class=\"single-product-overview-details__product-tab-text-description\">Chauffe-cire combinant un plateau de fusion de cire pour pots de 800 g et trois emplacements pour les cartouches de cire standard.<\/div>\n<div><\/div>\n<ul>\n<li><strong>BOUTON DE CONTR\u00d4LE DU THERMOSTAT ADJUSTABLE :<\/strong> Le chauffe-cire peut augmenter la temp\u00e9rature jusqu&rsquo;\u00e0 105\u00b0C et dispose d&rsquo;un bouton de contr\u00f4le du thermostat r\u00e9glable, facile \u00e0 utiliser.<\/li>\n<li><strong>COUVERCLE TRANSPARENT :<\/strong> Le chauffe-cire permet de contr\u00f4ler facilement la fonte de la r\u00e9sine gr\u00e2ce \u00e0 son couvercle transparent, facile \u00e0 voir.<\/li>\n<li><strong>FACILE \u00c0 UTILISER &amp; CHAUFFAGE RAPIDE :<\/strong> Le chauffe-cire peut \u00eatre fondu rapidement et facilement contr\u00f4l\u00e9 en ajustant le bouton de contr\u00f4le du thermostat. Facile \u00e0 utiliser, le chauffe-cire a un pot de r\u00e9sine de grande capacit\u00e9 qui peut \u00eatre utilis\u00e9 pour chauffer diff\u00e9rents types de r\u00e9sine.<\/li>\n<\/ul>\n<\/div>\n","protected":false},"excerpt":{"rendered":"<p>Dispositif multifonctionnel pour chauffer les cartouches de cire et les bo\u00eetes de cire \u00e0 \u00e9piler.<\/p>\n","protected":false},"featured_media":43546,"comment_status":"open","ping_status":"closed","template":"","meta":{"_acf_changed":false},"product_brand":[],"product_cat":[4595,4767,1584],"product_tag":[],"class_list":{"0":"post-43547","1":"product","2":"type-product","3":"status-publish","4":"has-post-thumbnail","6":"product_cat-appareils-epilation","7":"product_cat-beaute","8":"product_cat-depilation","10":"first","11":"instock","12":"taxable","13":"shipping-taxable","14":"product-type-simple"},"acf":[],"_links":{"self":[{"href":"https:\/\/sundar.be\/fr\/wp-json\/wp\/v2\/product\/43547","targetHints":{"allow":["GET"]}}],"collection":[{"href":"https:\/\/sundar.be\/fr\/wp-json\/wp\/v2\/product"}],"about":[{"href":"https:\/\/sundar.be\/fr\/wp-json\/wp\/v2\/types\/product"}],"replies":[{"embeddable":true,"href":"https:\/\/sundar.be\/fr\/wp-json\/wp\/v2\/comments?post=43547"}],"wp:featuredmedia":[{"embeddable":true,"href":"https:\/\/sundar.be\/fr\/wp-json\/wp\/v2\/media\/43546"}],"wp:attachment":[{"href":"https:\/\/sundar.be\/fr\/wp-json\/wp\/v2\/media?parent=43547"}],"wp:term":[{"taxonomy":"product_brand","embeddable":true,"href":"https:\/\/sundar.be\/fr\/wp-json\/wp\/v2\/product_brand?post=43547"},{"taxonomy":"product_cat","embeddable":true,"href":"https:\/\/sundar.be\/fr\/wp-json\/wp\/v2\/product_cat?post=43547"},{"taxonomy":"product_tag","embeddable":true,"href":"https:\/\/sundar.be\/fr\/wp-json\/wp\/v2\/product_tag?post=43547"}],"curies":[{"name":"wp","href":"https:\/\/api.w.org\/{rel}","templated":true}]}}