{"id":43510,"date":"2024-10-08T16:02:20","date_gmt":"2024-10-08T14:02:20","guid":{"rendered":"https:\/\/sundar.be\/product\/toco-tholin-huile-de-massage-natumas-neutre\/"},"modified":"2025-05-20T07:53:40","modified_gmt":"2025-05-20T05:53:40","slug":"toco-tholin-huile-de-massage-natumas-neutre","status":"publish","type":"product","link":"https:\/\/sundar.be\/fr\/produit\/toco-tholin-huile-de-massage-natumas-neutre\/","title":{"rendered":"Toco Tholin Huile de Massage Natumas Neutre"},"content":{"rendered":"<p>Toco-Tholin Natumas Neutral est une huile de massage naturelle l\u00e9g\u00e8rement plus grasse, \u00e0 base de vitamine E, sans aucun additif. Cette huile est fabriqu\u00e9e \u00e0 partir d&rsquo;huiles essentielles.<\/p>\n<p>Sp\u00e9cialement con\u00e7ue pour le masseur exigeant qui pr\u00e9f\u00e8re une huile \u00e0 l&rsquo;odeur neutre, ou pour les patients allergiques \u00e0 divers produits chimiques. Id\u00e9ale pour un massage avec des tampons d&rsquo;herbes, hotstone, orang-malu, etc. Cette huile de massage est pr\u00eate \u00e0 l&#8217;emploi pour les peaux sensibles ou peut \u00eatre enrichie avec des huiles essentielles, selon les besoins du client.   <\/p>\n<p>Toco Tholin Natumas Neutraal prot\u00e8ge \u00e9galement lors des activit\u00e9s ext\u00e9rieures contre le froid et la pluie, nourrit la peau s\u00e8che et gerc\u00e9e et est agr\u00e9able apr\u00e8s la douche, l&rsquo;\u00e9pilation, etc.<\/p>\n","protected":false},"excerpt":{"rendered":"<p>Toco-Tholin Natumas Neutral est une huile de massage naturelle l\u00e9g\u00e8rement plus grasse, \u00e0 base de vitamine E, sans aucun additif.<\/p>\n","protected":false},"featured_media":43491,"comment_status":"open","ping_status":"closed","template":"","meta":{"_acf_changed":false},"product_brand":[],"product_cat":[4225,4223,4229],"product_tag":[],"class_list":{"0":"post-43510","1":"product","2":"type-product","3":"status-publish","4":"has-post-thumbnail","6":"product_cat-huiles-de-massage-lotions","7":"product_cat-massage-fr-webshop-fr","8":"product_cat-toco-tholin-fr","9":"pa_inhoud-40-ml-fr","10":"pa_inhoud-500-ml-fr","11":"pa_inhoud-5000-ml-fr","13":"first","14":"instock","15":"taxable","16":"shipping-taxable","17":"product-type-variable"},"acf":[],"_links":{"self":[{"href":"https:\/\/sundar.be\/fr\/wp-json\/wp\/v2\/product\/43510","targetHints":{"allow":["GET"]}}],"collection":[{"href":"https:\/\/sundar.be\/fr\/wp-json\/wp\/v2\/product"}],"about":[{"href":"https:\/\/sundar.be\/fr\/wp-json\/wp\/v2\/types\/product"}],"replies":[{"embeddable":true,"href":"https:\/\/sundar.be\/fr\/wp-json\/wp\/v2\/comments?post=43510"}],"wp:featuredmedia":[{"embeddable":true,"href":"https:\/\/sundar.be\/fr\/wp-json\/wp\/v2\/media\/43491"}],"wp:attachment":[{"href":"https:\/\/sundar.be\/fr\/wp-json\/wp\/v2\/media?parent=43510"}],"wp:term":[{"taxonomy":"product_brand","embeddable":true,"href":"https:\/\/sundar.be\/fr\/wp-json\/wp\/v2\/product_brand?post=43510"},{"taxonomy":"product_cat","embeddable":true,"href":"https:\/\/sundar.be\/fr\/wp-json\/wp\/v2\/product_cat?post=43510"},{"taxonomy":"product_tag","embeddable":true,"href":"https:\/\/sundar.be\/fr\/wp-json\/wp\/v2\/product_tag?post=43510"}],"curies":[{"name":"wp","href":"https:\/\/api.w.org\/{rel}","templated":true}]}}