{"id":43497,"date":"2024-10-08T15:57:46","date_gmt":"2024-10-08T13:57:46","guid":{"rendered":"https:\/\/sundar.be\/product\/toco-tholin-massageolie-natumas\/"},"modified":"2025-05-20T07:53:27","modified_gmt":"2025-05-20T05:53:27","slug":"toco-tholin-massageolie-natumas","status":"publish","type":"product","link":"https:\/\/sundar.be\/fr\/produit\/toco-tholin-massageolie-natumas\/","title":{"rendered":"Toco tholin Massageolie Natumas"},"content":{"rendered":"<p>NATUMAS est d\u00e9lib\u00e9r\u00e9ment une huile de massage un peu plus grasse. Avant l&rsquo;activit\u00e9 \/ l&rsquo;\u00e9chauffement, massez bien les muscles et les articulations avec NATUMAS. <\/p>\n<p>Les huiles essentielles, extraites de plantes et d&rsquo;herbes b\u00e9n\u00e9fiques, maintiennent la souplesse du corps. Elles p\u00e9n\u00e8trent rapidement dans les muscles et y favorisent la circulation. <\/p>\n<p>NATUMAS prot\u00e8ge \u00e9galement lors des activit\u00e9s ext\u00e9rieures contre le froid et la pluie, nourrit la peau s\u00e8che et gerc\u00e9e et est agr\u00e9able apr\u00e8s la douche, l&rsquo;\u00e9pilation, etc.<\/p>\n","protected":false},"excerpt":{"rendered":"<p>NATUMAS est une huile de massage l\u00e9g\u00e8rement plus grasse.<\/p>\n","protected":false},"featured_media":43477,"comment_status":"open","ping_status":"closed","template":"","meta":{"_acf_changed":false},"product_brand":[],"product_cat":[4225,4223,4229],"product_tag":[],"class_list":{"0":"post-43497","1":"product","2":"type-product","3":"status-publish","4":"has-post-thumbnail","6":"product_cat-huiles-de-massage-lotions","7":"product_cat-massage-fr-webshop-fr","8":"product_cat-toco-tholin-fr","9":"pa_inhoud-500-ml-fr","10":"pa_inhoud-5000-ml-fr","12":"first","13":"instock","14":"taxable","15":"shipping-taxable","16":"product-type-variable"},"acf":[],"_links":{"self":[{"href":"https:\/\/sundar.be\/fr\/wp-json\/wp\/v2\/product\/43497","targetHints":{"allow":["GET"]}}],"collection":[{"href":"https:\/\/sundar.be\/fr\/wp-json\/wp\/v2\/product"}],"about":[{"href":"https:\/\/sundar.be\/fr\/wp-json\/wp\/v2\/types\/product"}],"replies":[{"embeddable":true,"href":"https:\/\/sundar.be\/fr\/wp-json\/wp\/v2\/comments?post=43497"}],"wp:featuredmedia":[{"embeddable":true,"href":"https:\/\/sundar.be\/fr\/wp-json\/wp\/v2\/media\/43477"}],"wp:attachment":[{"href":"https:\/\/sundar.be\/fr\/wp-json\/wp\/v2\/media?parent=43497"}],"wp:term":[{"taxonomy":"product_brand","embeddable":true,"href":"https:\/\/sundar.be\/fr\/wp-json\/wp\/v2\/product_brand?post=43497"},{"taxonomy":"product_cat","embeddable":true,"href":"https:\/\/sundar.be\/fr\/wp-json\/wp\/v2\/product_cat?post=43497"},{"taxonomy":"product_tag","embeddable":true,"href":"https:\/\/sundar.be\/fr\/wp-json\/wp\/v2\/product_tag?post=43497"}],"curies":[{"name":"wp","href":"https:\/\/api.w.org\/{rel}","templated":true}]}}