{"id":43493,"date":"2024-10-08T15:52:09","date_gmt":"2024-10-08T14:02:05","guid":{"rendered":"https:\/\/sundar.be\/product\/toco-tholin-huile-de-massage-medimas\/"},"modified":"2025-05-20T07:53:30","modified_gmt":"2025-05-20T05:53:30","slug":"toco-tholin-huile-de-massage-medimas","status":"publish","type":"product","link":"https:\/\/sundar.be\/fr\/produit\/toco-tholin-huile-de-massage-medimas\/","title":{"rendered":"Toco Tholin Huile de Massage Medimas"},"content":{"rendered":"<div class=\"single-product-overview-details__product-tab-text single-product-overview-details__product-tab-text--is-active\" data-tab=\"description\">\n<div class=\"single-product-overview-details__product-tab-text-description\">L&rsquo;huile de massage Toco Tholin Medimas est id\u00e9ale pour un massage relaxant. Medimas p\u00e9n\u00e8tre profond\u00e9ment jusqu&rsquo;aux muscles, favorisant ainsi la circulation sanguine.  Medimas est une huile de massage neutre et rafra\u00eechissante qui assouplit la peau. Vous remarquerez que vous pouvez masser plus longtemps avant que l&rsquo;huile de massage ne p\u00e9n\u00e8tre dans la peau.<\/div>\n<\/div>\n","protected":false},"excerpt":{"rendered":"<p>Medimas est une huile de massage neutre et rafra\u00eechissante qui assouplit la peau.<\/p>\n","protected":false},"featured_media":43468,"comment_status":"open","ping_status":"closed","template":"","meta":{"_acf_changed":false},"product_brand":[],"product_cat":[4225,4223,4229],"product_tag":[],"class_list":{"0":"post-43493","1":"product","2":"type-product","3":"status-publish","4":"has-post-thumbnail","6":"product_cat-huiles-de-massage-lotions","7":"product_cat-massage-fr-webshop-fr","8":"product_cat-toco-tholin-fr","9":"pa_inhoud-40-ml-fr","10":"pa_inhoud-500-ml-fr","11":"pa_inhoud-5000-ml-fr","13":"first","14":"instock","15":"taxable","16":"shipping-taxable","17":"product-type-variable"},"acf":[],"_links":{"self":[{"href":"https:\/\/sundar.be\/fr\/wp-json\/wp\/v2\/product\/43493","targetHints":{"allow":["GET"]}}],"collection":[{"href":"https:\/\/sundar.be\/fr\/wp-json\/wp\/v2\/product"}],"about":[{"href":"https:\/\/sundar.be\/fr\/wp-json\/wp\/v2\/types\/product"}],"replies":[{"embeddable":true,"href":"https:\/\/sundar.be\/fr\/wp-json\/wp\/v2\/comments?post=43493"}],"wp:featuredmedia":[{"embeddable":true,"href":"https:\/\/sundar.be\/fr\/wp-json\/wp\/v2\/media\/43468"}],"wp:attachment":[{"href":"https:\/\/sundar.be\/fr\/wp-json\/wp\/v2\/media?parent=43493"}],"wp:term":[{"taxonomy":"product_brand","embeddable":true,"href":"https:\/\/sundar.be\/fr\/wp-json\/wp\/v2\/product_brand?post=43493"},{"taxonomy":"product_cat","embeddable":true,"href":"https:\/\/sundar.be\/fr\/wp-json\/wp\/v2\/product_cat?post=43493"},{"taxonomy":"product_tag","embeddable":true,"href":"https:\/\/sundar.be\/fr\/wp-json\/wp\/v2\/product_tag?post=43493"}],"curies":[{"name":"wp","href":"https:\/\/api.w.org\/{rel}","templated":true}]}}