{"id":43460,"date":"2024-10-08T15:46:03","date_gmt":"2024-10-08T13:46:03","guid":{"rendered":"https:\/\/sundar.be\/product\/toco-tholin-baume-special\/"},"modified":"2025-05-20T07:53:48","modified_gmt":"2025-05-20T05:53:48","slug":"toco-tholin-baume-special","status":"publish","type":"product","link":"https:\/\/sundar.be\/fr\/produit\/toco-tholin-baume-special\/","title":{"rendered":"Toco Tholin Baume Sp\u00e9cial"},"content":{"rendered":"<p>Cette baume de massage offre les soins appropri\u00e9s pour vos muscles et articulations, par exemple avant l&rsquo;\u00e9chauffement ou apr\u00e8s la r\u00e9cup\u00e9ration. Ce baume Toco-Tholin Sp\u00e9cial agit \u00e9galement de mani\u00e8re apaisante pour les voies respiratoires. Pour cela, vous devez appliquer ce baume chauffant sur votre poitrine et\/ou votre dos et le maintenir au chaud.  <\/p>\n<p>En \u00e9tant encapsul\u00e9es dans le baume, les huiles essentielles ne s&rsquo;\u00e9vaporent pas aussi rapidement, ce qui permet une action plus longue. De plus, cette m\u00e9thode permet de couvrir une plus grande surface de la peau. <\/p>\n<p>Lorsqu&rsquo;elles sont appliqu\u00e9es sur la peau, les huiles essentielles p\u00e9n\u00e8trent profond\u00e9ment dans les muscles. Elles sont rapidement absorb\u00e9es et favorisent la circulation sanguine dans les muscles. Cela permet un \u00e9vacuation plus rapide des d\u00e9chets de mani\u00e8re naturelle.  <\/p>\n","protected":false},"excerpt":{"rendered":"<p>Ce baume Toco-Tholin est formul\u00e9 de mani\u00e8re \u00e0 ce que le baume de massage s&rsquo;assouplisse \u00e0 la temp\u00e9rature du corps et soit agr\u00e9able \u00e0 masser.<\/p>\n","protected":false},"featured_media":43455,"comment_status":"open","ping_status":"closed","template":"","meta":{"_acf_changed":false},"product_brand":[],"product_cat":[4225,4223,4229],"product_tag":[],"class_list":{"0":"post-43460","1":"product","2":"type-product","3":"status-publish","4":"has-post-thumbnail","6":"product_cat-huiles-de-massage-lotions","7":"product_cat-massage-fr-webshop-fr","8":"product_cat-toco-tholin-fr","9":"pa_inhoud-250-ml-fr","10":"pa_inhoud-50-ml-fr","12":"first","13":"instock","14":"taxable","15":"shipping-taxable","16":"product-type-variable"},"acf":[],"_links":{"self":[{"href":"https:\/\/sundar.be\/fr\/wp-json\/wp\/v2\/product\/43460","targetHints":{"allow":["GET"]}}],"collection":[{"href":"https:\/\/sundar.be\/fr\/wp-json\/wp\/v2\/product"}],"about":[{"href":"https:\/\/sundar.be\/fr\/wp-json\/wp\/v2\/types\/product"}],"replies":[{"embeddable":true,"href":"https:\/\/sundar.be\/fr\/wp-json\/wp\/v2\/comments?post=43460"}],"wp:featuredmedia":[{"embeddable":true,"href":"https:\/\/sundar.be\/fr\/wp-json\/wp\/v2\/media\/43455"}],"wp:attachment":[{"href":"https:\/\/sundar.be\/fr\/wp-json\/wp\/v2\/media?parent=43460"}],"wp:term":[{"taxonomy":"product_brand","embeddable":true,"href":"https:\/\/sundar.be\/fr\/wp-json\/wp\/v2\/product_brand?post=43460"},{"taxonomy":"product_cat","embeddable":true,"href":"https:\/\/sundar.be\/fr\/wp-json\/wp\/v2\/product_cat?post=43460"},{"taxonomy":"product_tag","embeddable":true,"href":"https:\/\/sundar.be\/fr\/wp-json\/wp\/v2\/product_tag?post=43460"}],"curies":[{"name":"wp","href":"https:\/\/api.w.org\/{rel}","templated":true}]}}