{"id":43458,"date":"2024-10-08T15:42:00","date_gmt":"2024-10-08T13:42:00","guid":{"rendered":"https:\/\/sundar.be\/product\/toco-tholin-baume-35ml\/"},"modified":"2025-05-20T07:53:35","modified_gmt":"2025-05-20T05:53:35","slug":"toco-tholin-baume-35ml","status":"publish","type":"product","link":"https:\/\/sundar.be\/fr\/produit\/toco-tholin-baume-35ml\/","title":{"rendered":"Toco Tholin Baume, 35ml"},"content":{"rendered":"<div class=\"single-product-overview-details__product-tab-text single-product-overview-details__product-tab-text--is-active\" data-tab=\"description\">\n<div class=\"single-product-overview-details__product-tab-text-description\">Le baume est compos\u00e9 d&rsquo;huiles essentielles qui p\u00e9n\u00e8trent profond\u00e9ment dans la peau. Encapsul\u00e9es dans le baume, les huiles essentielles s&rsquo;\u00e9vaporent moins vite. Cette m\u00e9thode permet \u00e9galement d&rsquo;atteindre une plus grande surface de la peau.  <\/div>\n<\/div>\n","protected":false},"excerpt":{"rendered":"<p>Le baume Toco Tholin est un baume doux qui favorise la circulation sanguine dans les muscles afin de faciliter l&rsquo;\u00e9vacuation des d\u00e9chets.<\/p>\n","protected":false},"featured_media":43449,"comment_status":"open","ping_status":"closed","template":"","meta":{"_acf_changed":false},"product_brand":[],"product_cat":[4225,4223,4229],"product_tag":[],"class_list":{"0":"post-43458","1":"product","2":"type-product","3":"status-publish","4":"has-post-thumbnail","6":"product_cat-huiles-de-massage-lotions","7":"product_cat-massage-fr-webshop-fr","8":"product_cat-toco-tholin-fr","10":"first","11":"instock","12":"taxable","13":"shipping-taxable","14":"product-type-simple"},"acf":[],"_links":{"self":[{"href":"https:\/\/sundar.be\/fr\/wp-json\/wp\/v2\/product\/43458","targetHints":{"allow":["GET"]}}],"collection":[{"href":"https:\/\/sundar.be\/fr\/wp-json\/wp\/v2\/product"}],"about":[{"href":"https:\/\/sundar.be\/fr\/wp-json\/wp\/v2\/types\/product"}],"replies":[{"embeddable":true,"href":"https:\/\/sundar.be\/fr\/wp-json\/wp\/v2\/comments?post=43458"}],"wp:featuredmedia":[{"embeddable":true,"href":"https:\/\/sundar.be\/fr\/wp-json\/wp\/v2\/media\/43449"}],"wp:attachment":[{"href":"https:\/\/sundar.be\/fr\/wp-json\/wp\/v2\/media?parent=43458"}],"wp:term":[{"taxonomy":"product_brand","embeddable":true,"href":"https:\/\/sundar.be\/fr\/wp-json\/wp\/v2\/product_brand?post=43458"},{"taxonomy":"product_cat","embeddable":true,"href":"https:\/\/sundar.be\/fr\/wp-json\/wp\/v2\/product_cat?post=43458"},{"taxonomy":"product_tag","embeddable":true,"href":"https:\/\/sundar.be\/fr\/wp-json\/wp\/v2\/product_tag?post=43458"}],"curies":[{"name":"wp","href":"https:\/\/api.w.org\/{rel}","templated":true}]}}