{"id":43441,"date":"2024-10-08T15:34:47","date_gmt":"2024-10-08T13:34:47","guid":{"rendered":"https:\/\/sundar.be\/product\/toco-tholin-baume-hot\/"},"modified":"2025-05-20T07:53:38","modified_gmt":"2025-05-20T05:53:38","slug":"toco-tholin-baume-hot","status":"publish","type":"product","link":"https:\/\/sundar.be\/fr\/produit\/toco-tholin-baume-hot\/","title":{"rendered":"Toco Tholin Baume Hot"},"content":{"rendered":"<p>L&rsquo;action du baume Toco-Tholin Heet et du <strong><a href=\"https:\/\/sundar.be\/produit\/toco-tholin-baume-chaud\/?lang=fr\">baume Toco-Tholin Warm<\/a><\/strong> est en principe la m\u00eame. La seule diff\u00e9rence est que ce baume est plus chaud et reste chaud plus longtemps. Vous pouvez comparer l&rsquo;effet de ce baume \u00e0 celui du baume du tigre. Ce baume de sport devient doux \u00e0 la temp\u00e9rature du corps, ce qui en fait un baume agr\u00e9able pour le massage.   <\/p>\n","protected":false},"excerpt":{"rendered":"<p>Un baume chaud pour favoriser la circulation sanguine dans les muscles.<\/p>\n","protected":false},"featured_media":43431,"comment_status":"open","ping_status":"closed","template":"","meta":{"_acf_changed":false},"product_brand":[],"product_cat":[4225,4223,4229],"product_tag":[],"class_list":{"0":"post-43441","1":"product","2":"type-product","3":"status-publish","4":"has-post-thumbnail","6":"product_cat-huiles-de-massage-lotions","7":"product_cat-massage-fr-webshop-fr","8":"product_cat-toco-tholin-fr","9":"pa_inhoud-250-ml-fr","10":"pa_inhoud-35-ml-fr","12":"first","13":"instock","14":"taxable","15":"shipping-taxable","16":"product-type-variable"},"acf":[],"_links":{"self":[{"href":"https:\/\/sundar.be\/fr\/wp-json\/wp\/v2\/product\/43441","targetHints":{"allow":["GET"]}}],"collection":[{"href":"https:\/\/sundar.be\/fr\/wp-json\/wp\/v2\/product"}],"about":[{"href":"https:\/\/sundar.be\/fr\/wp-json\/wp\/v2\/types\/product"}],"replies":[{"embeddable":true,"href":"https:\/\/sundar.be\/fr\/wp-json\/wp\/v2\/comments?post=43441"}],"wp:featuredmedia":[{"embeddable":true,"href":"https:\/\/sundar.be\/fr\/wp-json\/wp\/v2\/media\/43431"}],"wp:attachment":[{"href":"https:\/\/sundar.be\/fr\/wp-json\/wp\/v2\/media?parent=43441"}],"wp:term":[{"taxonomy":"product_brand","embeddable":true,"href":"https:\/\/sundar.be\/fr\/wp-json\/wp\/v2\/product_brand?post=43441"},{"taxonomy":"product_cat","embeddable":true,"href":"https:\/\/sundar.be\/fr\/wp-json\/wp\/v2\/product_cat?post=43441"},{"taxonomy":"product_tag","embeddable":true,"href":"https:\/\/sundar.be\/fr\/wp-json\/wp\/v2\/product_tag?post=43441"}],"curies":[{"name":"wp","href":"https:\/\/api.w.org\/{rel}","templated":true}]}}