{"id":43424,"date":"2024-10-08T15:25:34","date_gmt":"2024-10-08T13:25:34","guid":{"rendered":"https:\/\/sundar.be\/product\/msk-podiamed-creme-de-massage-pour-les-pieds\/"},"modified":"2025-05-20T07:56:55","modified_gmt":"2025-05-20T05:56:55","slug":"msk-podiamed-creme-de-massage-pour-les-pieds","status":"publish","type":"product","link":"https:\/\/sundar.be\/fr\/produit\/msk-podiamed-creme-de-massage-pour-les-pieds\/","title":{"rendered":"MSK Podiamed Cr\u00e8me de massage pour les pieds"},"content":{"rendered":"<p>Cr\u00e8me de massage pour les pieds \u00e0 la vitamine E, marque maison.<\/p>\n","protected":false},"excerpt":{"rendered":"<p>Cr\u00e8me de massage pour les pieds \u00e0 la vitamine E, id\u00e9ale pour les pieds secs.<\/p>\n","protected":false},"featured_media":43419,"comment_status":"open","ping_status":"closed","template":"","meta":{"_acf_changed":false},"product_brand":[],"product_cat":[4227,4225,4223],"product_tag":[],"class_list":{"0":"post-43424","1":"product","2":"type-product","3":"status-publish","4":"has-post-thumbnail","6":"product_cat-massage-lotions-de-massage","7":"product_cat-huiles-de-massage-lotions","8":"product_cat-massage-fr-webshop-fr","9":"pa_inhoud-100-ml-fr","10":"pa_inhoud-500-ml-fr","12":"first","13":"instock","14":"taxable","15":"shipping-taxable","16":"product-type-variable"},"acf":[],"_links":{"self":[{"href":"https:\/\/sundar.be\/fr\/wp-json\/wp\/v2\/product\/43424","targetHints":{"allow":["GET"]}}],"collection":[{"href":"https:\/\/sundar.be\/fr\/wp-json\/wp\/v2\/product"}],"about":[{"href":"https:\/\/sundar.be\/fr\/wp-json\/wp\/v2\/types\/product"}],"replies":[{"embeddable":true,"href":"https:\/\/sundar.be\/fr\/wp-json\/wp\/v2\/comments?post=43424"}],"wp:featuredmedia":[{"embeddable":true,"href":"https:\/\/sundar.be\/fr\/wp-json\/wp\/v2\/media\/43419"}],"wp:attachment":[{"href":"https:\/\/sundar.be\/fr\/wp-json\/wp\/v2\/media?parent=43424"}],"wp:term":[{"taxonomy":"product_brand","embeddable":true,"href":"https:\/\/sundar.be\/fr\/wp-json\/wp\/v2\/product_brand?post=43424"},{"taxonomy":"product_cat","embeddable":true,"href":"https:\/\/sundar.be\/fr\/wp-json\/wp\/v2\/product_cat?post=43424"},{"taxonomy":"product_tag","embeddable":true,"href":"https:\/\/sundar.be\/fr\/wp-json\/wp\/v2\/product_tag?post=43424"}],"curies":[{"name":"wp","href":"https:\/\/api.w.org\/{rel}","templated":true}]}}