{"id":43413,"date":"2024-10-08T15:04:46","date_gmt":"2024-10-08T13:04:46","guid":{"rendered":"https:\/\/sundar.be\/product\/pedibaehr-emulsion-de-massage-avec-vitamine-e\/"},"modified":"2025-12-15T12:25:16","modified_gmt":"2025-12-15T11:25:16","slug":"pedibaehr-emulsion-de-massage-avec-vitamine-e","status":"publish","type":"product","link":"https:\/\/sundar.be\/fr\/produit\/pedibaehr-emulsion-de-massage-avec-vitamine-e\/","title":{"rendered":"PEDIBAEHR Emulsion de Massage avec Vitamine E"},"content":{"rendered":"<p data-start=\"79\" data-end=\"367\"><span style=\"color: #557e96;\"><strong>PEDIBAEHR \u00c9mulsion de Massage \u00e0 la Vitamine E<\/strong><\/span> est une \u00e9mulsion nourrissante et respectueuse de la peau qui assure une glisse optimale lors des massages des pieds et des jambes. Sa texture l\u00e9g\u00e8re mais nourrissante rend les massages prolong\u00e9s confortables, sans laisser de sensation grasse ou lourde. <\/p>\n<p data-start=\"369\" data-end=\"644\">La formule associe des huiles nourrissantes \u00e0 des ingr\u00e9dients hydratants et renfor\u00e7ant la peau, laissant la peau souple, douce et soign\u00e9e pendant et apr\u00e8s le massage. Id\u00e9ale pour un usage professionnel dans les cabinets de p\u00e9dicurie et les instituts de beaut\u00e9, et \u00e9galement adapt\u00e9e \u00e0 un usage \u00e0 domicile. <\/p>\n","protected":false},"excerpt":{"rendered":"<p data-start=\"679\" data-end=\"833\">Une \u00e9mulsion de massage nourrissante \u00e0 la vitamine E qui hydrate et prot\u00e8ge la peau pendant le massage. Assure une peau souple et une glisse optimale. <\/p>\n","protected":false},"featured_media":43406,"comment_status":"open","ping_status":"closed","template":"","meta":{"_acf_changed":false},"product_brand":[],"product_cat":[4227,4225,4223,4972,6057],"product_tag":[],"class_list":{"0":"post-43413","1":"product","2":"type-product","3":"status-publish","4":"has-post-thumbnail","6":"product_cat-massage-lotions-de-massage","7":"product_cat-huiles-de-massage-lotions","8":"product_cat-massage-fr-webshop-fr","9":"product_cat-nos-marques","10":"product_cat-pedibaehr-fr","11":"pa_inhoud-2000-ml-fr","12":"pa_inhoud-500-ml-fr","14":"first","15":"instock","16":"taxable","17":"shipping-taxable","18":"product-type-variable"},"acf":[],"_links":{"self":[{"href":"https:\/\/sundar.be\/fr\/wp-json\/wp\/v2\/product\/43413","targetHints":{"allow":["GET"]}}],"collection":[{"href":"https:\/\/sundar.be\/fr\/wp-json\/wp\/v2\/product"}],"about":[{"href":"https:\/\/sundar.be\/fr\/wp-json\/wp\/v2\/types\/product"}],"replies":[{"embeddable":true,"href":"https:\/\/sundar.be\/fr\/wp-json\/wp\/v2\/comments?post=43413"}],"wp:featuredmedia":[{"embeddable":true,"href":"https:\/\/sundar.be\/fr\/wp-json\/wp\/v2\/media\/43406"}],"wp:attachment":[{"href":"https:\/\/sundar.be\/fr\/wp-json\/wp\/v2\/media?parent=43413"}],"wp:term":[{"taxonomy":"product_brand","embeddable":true,"href":"https:\/\/sundar.be\/fr\/wp-json\/wp\/v2\/product_brand?post=43413"},{"taxonomy":"product_cat","embeddable":true,"href":"https:\/\/sundar.be\/fr\/wp-json\/wp\/v2\/product_cat?post=43413"},{"taxonomy":"product_tag","embeddable":true,"href":"https:\/\/sundar.be\/fr\/wp-json\/wp\/v2\/product_tag?post=43413"}],"curies":[{"name":"wp","href":"https:\/\/api.w.org\/{rel}","templated":true}]}}