{"id":43400,"date":"2024-10-08T14:58:32","date_gmt":"2024-10-08T12:58:32","guid":{"rendered":"https:\/\/sundar.be\/product\/gehwol-massage-emulsion\/"},"modified":"2025-12-15T09:54:30","modified_gmt":"2025-12-15T08:54:30","slug":"gehwol-massage-emulsion","status":"publish","type":"product","link":"https:\/\/sundar.be\/fr\/produit\/gehwol-massage-emulsion\/","title":{"rendered":"Gehwol Emulsion de Massage"},"content":{"rendered":"<p data-start=\"61\" data-end=\"361\"><span style=\"color: #557e96;\"><strong>Gehwol Emusion de Massage <\/strong><\/span>est une \u00e9mulsion nourrissante et rafra\u00eechissante, sp\u00e9cialement d\u00e9velopp\u00e9e pour les massages relaxants et stimulants des pieds et des jambes. Sa texture l\u00e9g\u00e8re assure une glisse optimale sans laisser de film gras, tout en nourrissant la peau et en la prot\u00e9geant contre le dess\u00e8chement.<\/p>\n<p> <\/p>\n<p data-start=\"363\" data-end=\"632\">La combinaison d\u2019ingr\u00e9dients nourrissants et d\u2019huiles essentielles rafra\u00eechissantes stimule la circulation sanguine et procure un effet agr\u00e9ablement rafra\u00eechissant et relaxant. Id\u00e9ale pour un usage professionnel dans les cabinets de p\u00e9dicurie et les instituts de beaut\u00e9, mais \u00e9galement adapt\u00e9e \u00e0 un usage \u00e0 domicile. <\/p>\n","protected":false},"excerpt":{"rendered":"<p data-start=\"667\" data-end=\"815\">Une \u00e9mulsion de massage rafra\u00eechissante avec une glisse optimale pour les massages des pieds et des jambes. Nourrit la peau et procure une sensation de d\u00e9tente et de fra\u00eecheur. <\/p>\n","protected":false},"featured_media":56251,"comment_status":"open","ping_status":"closed","template":"","meta":{"_acf_changed":false},"product_brand":[],"product_cat":[6124,6322,5071,4227,4225,4223,4972],"product_tag":[],"class_list":{"0":"post-43400","1":"product","2":"type-product","3":"status-publish","4":"has-post-thumbnail","6":"product_cat-nos-marques-gehwol","7":"product_cat-gehwol-classic","8":"product_cat-gehwol-soins-des-pieds","9":"product_cat-massage-lotions-de-massage","10":"product_cat-huiles-de-massage-lotions","11":"product_cat-massage-fr-webshop-fr","12":"product_cat-nos-marques","13":"pa_inhoud-2000-ml-fr","14":"pa_inhoud-500-ml-fr","16":"first","17":"instock","18":"taxable","19":"shipping-taxable","20":"product-type-variable"},"acf":[],"_links":{"self":[{"href":"https:\/\/sundar.be\/fr\/wp-json\/wp\/v2\/product\/43400","targetHints":{"allow":["GET"]}}],"collection":[{"href":"https:\/\/sundar.be\/fr\/wp-json\/wp\/v2\/product"}],"about":[{"href":"https:\/\/sundar.be\/fr\/wp-json\/wp\/v2\/types\/product"}],"replies":[{"embeddable":true,"href":"https:\/\/sundar.be\/fr\/wp-json\/wp\/v2\/comments?post=43400"}],"wp:featuredmedia":[{"embeddable":true,"href":"https:\/\/sundar.be\/fr\/wp-json\/wp\/v2\/media\/56251"}],"wp:attachment":[{"href":"https:\/\/sundar.be\/fr\/wp-json\/wp\/v2\/media?parent=43400"}],"wp:term":[{"taxonomy":"product_brand","embeddable":true,"href":"https:\/\/sundar.be\/fr\/wp-json\/wp\/v2\/product_brand?post=43400"},{"taxonomy":"product_cat","embeddable":true,"href":"https:\/\/sundar.be\/fr\/wp-json\/wp\/v2\/product_cat?post=43400"},{"taxonomy":"product_tag","embeddable":true,"href":"https:\/\/sundar.be\/fr\/wp-json\/wp\/v2\/product_tag?post=43400"}],"curies":[{"name":"wp","href":"https:\/\/api.w.org\/{rel}","templated":true}]}}