{"id":43375,"date":"2024-10-08T14:28:10","date_gmt":"2024-10-08T12:29:29","guid":{"rendered":"https:\/\/sundar.be\/product\/waaier-penseel-pro\/"},"modified":"2025-03-13T11:26:22","modified_gmt":"2025-03-13T10:26:22","slug":"waaier-penseel-pro","status":"publish","type":"product","link":"https:\/\/sundar.be\/fr\/produit\/waaier-penseel-pro\/","title":{"rendered":"Waaier Penseel PRO"},"content":{"rendered":"<div class=\"single-product-overview-details__product-tab-text single-product-overview-details__product-tab-text--is-active\" data-tab=\"description\">\n<div class=\"single-product-overview-details__product-tab-text-description\">Forme \u00e9ventail, poils de ch\u00e8vre fins. 2 en 1 : pour enlever l&rsquo;exc\u00e8s de poudre et appliquer le rouge. <\/div>\n<\/div>\n","protected":false},"excerpt":{"rendered":"<p>Forme \u00e9ventail, poils de ch\u00e8vre fins. 2 en 1 : pour enlever l&rsquo;exc\u00e8s de poudre et appliquer le rouge.<\/p>\n","protected":false},"featured_media":43374,"comment_status":"open","ping_status":"closed","template":"","meta":{"_acf_changed":false},"product_brand":[],"product_cat":[1461,4589],"product_tag":[],"class_list":{"0":"post-43375","1":"product","2":"type-product","3":"status-publish","4":"has-post-thumbnail","6":"product_cat-maquillage","7":"product_cat-maquillage-pinceaux","9":"first","10":"instock","11":"taxable","12":"shipping-taxable","13":"product-type-simple"},"acf":[],"_links":{"self":[{"href":"https:\/\/sundar.be\/fr\/wp-json\/wp\/v2\/product\/43375","targetHints":{"allow":["GET"]}}],"collection":[{"href":"https:\/\/sundar.be\/fr\/wp-json\/wp\/v2\/product"}],"about":[{"href":"https:\/\/sundar.be\/fr\/wp-json\/wp\/v2\/types\/product"}],"replies":[{"embeddable":true,"href":"https:\/\/sundar.be\/fr\/wp-json\/wp\/v2\/comments?post=43375"}],"wp:featuredmedia":[{"embeddable":true,"href":"https:\/\/sundar.be\/fr\/wp-json\/wp\/v2\/media\/43374"}],"wp:attachment":[{"href":"https:\/\/sundar.be\/fr\/wp-json\/wp\/v2\/media?parent=43375"}],"wp:term":[{"taxonomy":"product_brand","embeddable":true,"href":"https:\/\/sundar.be\/fr\/wp-json\/wp\/v2\/product_brand?post=43375"},{"taxonomy":"product_cat","embeddable":true,"href":"https:\/\/sundar.be\/fr\/wp-json\/wp\/v2\/product_cat?post=43375"},{"taxonomy":"product_tag","embeddable":true,"href":"https:\/\/sundar.be\/fr\/wp-json\/wp\/v2\/product_tag?post=43375"}],"curies":[{"name":"wp","href":"https:\/\/api.w.org\/{rel}","templated":true}]}}