{"id":43357,"date":"2024-10-08T14:17:15","date_gmt":"2024-10-08T12:18:30","guid":{"rendered":"https:\/\/sundar.be\/product\/pro-pinceau-a-ombres-a-paupieres-langue-de-chat-taille-1\/"},"modified":"2025-03-13T11:26:06","modified_gmt":"2025-03-13T10:26:06","slug":"pro-pinceau-a-ombres-a-paupieres-langue-de-chat-taille-1","status":"publish","type":"product","link":"https:\/\/sundar.be\/fr\/produit\/pro-pinceau-a-ombres-a-paupieres-langue-de-chat-taille-1\/","title":{"rendered":"PRO Pinceau \u00e0 ombres \u00e0 paupi\u00e8res langue de chat Taille 1"},"content":{"rendered":"<p>Langue de chat, plate, courte, en poils synth\u00e9tiques. Taille 1 <\/p>\n","protected":false},"excerpt":{"rendered":"<p>Langue de chat, plate, courte, en poils synth\u00e9tiques. Taille 1<\/p>\n","protected":false},"featured_media":43351,"comment_status":"open","ping_status":"closed","template":"","meta":{"_acf_changed":false},"product_brand":[],"product_cat":[1461,4589],"product_tag":[],"class_list":{"0":"post-43357","1":"product","2":"type-product","3":"status-publish","4":"has-post-thumbnail","6":"product_cat-maquillage","7":"product_cat-maquillage-pinceaux","9":"first","10":"instock","11":"taxable","12":"shipping-taxable","13":"product-type-simple"},"acf":[],"_links":{"self":[{"href":"https:\/\/sundar.be\/fr\/wp-json\/wp\/v2\/product\/43357","targetHints":{"allow":["GET"]}}],"collection":[{"href":"https:\/\/sundar.be\/fr\/wp-json\/wp\/v2\/product"}],"about":[{"href":"https:\/\/sundar.be\/fr\/wp-json\/wp\/v2\/types\/product"}],"replies":[{"embeddable":true,"href":"https:\/\/sundar.be\/fr\/wp-json\/wp\/v2\/comments?post=43357"}],"wp:featuredmedia":[{"embeddable":true,"href":"https:\/\/sundar.be\/fr\/wp-json\/wp\/v2\/media\/43351"}],"wp:attachment":[{"href":"https:\/\/sundar.be\/fr\/wp-json\/wp\/v2\/media?parent=43357"}],"wp:term":[{"taxonomy":"product_brand","embeddable":true,"href":"https:\/\/sundar.be\/fr\/wp-json\/wp\/v2\/product_brand?post=43357"},{"taxonomy":"product_cat","embeddable":true,"href":"https:\/\/sundar.be\/fr\/wp-json\/wp\/v2\/product_cat?post=43357"},{"taxonomy":"product_tag","embeddable":true,"href":"https:\/\/sundar.be\/fr\/wp-json\/wp\/v2\/product_tag?post=43357"}],"curies":[{"name":"wp","href":"https:\/\/api.w.org\/{rel}","templated":true}]}}