{"id":43352,"date":"2024-10-08T14:15:26","date_gmt":"2024-10-08T12:16:56","guid":{"rendered":"https:\/\/sundar.be\/product\/applicateur-dombres-a-paupieres-pro-5-coupelles-incluses\/"},"modified":"2025-03-13T11:26:05","modified_gmt":"2025-03-13T10:26:05","slug":"applicateur-dombres-a-paupieres-pro-5-coupelles-incluses","status":"publish","type":"product","link":"https:\/\/sundar.be\/fr\/produit\/applicateur-dombres-a-paupieres-pro-5-coupelles-incluses\/","title":{"rendered":"Applicateur d&rsquo;ombres \u00e0 paupi\u00e8res PRO (5 coupelles incluses)"},"content":{"rendered":"<div class=\"single-product-overview-details__product-tab-text single-product-overview-details__product-tab-text--is-active\" data-tab=\"description\">\n<div class=\"single-product-overview-details__product-tab-text-description\">Applicateur de fard \u00e0 paupi\u00e8res rempla\u00e7able avec 5 t\u00eates d&rsquo;\u00e9ponge de rechange en latex noir. Pour appliquer les ombres \u00e0 paupi\u00e8res. <\/div>\n<\/div>\n","protected":false},"excerpt":{"rendered":"<p>Applicateur de fard \u00e0 paupi\u00e8res rempla\u00e7able avec 5 t\u00eates d&rsquo;\u00e9ponge de rechange en latex noir. Pour appliquer les ombres \u00e0 paupi\u00e8res.<\/p>\n","protected":false},"featured_media":43347,"comment_status":"open","ping_status":"closed","template":"","meta":{"_acf_changed":false},"product_brand":[],"product_cat":[1461,4589],"product_tag":[],"class_list":{"0":"post-43352","1":"product","2":"type-product","3":"status-publish","4":"has-post-thumbnail","6":"product_cat-maquillage","7":"product_cat-maquillage-pinceaux","9":"first","10":"instock","11":"taxable","12":"shipping-taxable","13":"product-type-simple"},"acf":[],"_links":{"self":[{"href":"https:\/\/sundar.be\/fr\/wp-json\/wp\/v2\/product\/43352","targetHints":{"allow":["GET"]}}],"collection":[{"href":"https:\/\/sundar.be\/fr\/wp-json\/wp\/v2\/product"}],"about":[{"href":"https:\/\/sundar.be\/fr\/wp-json\/wp\/v2\/types\/product"}],"replies":[{"embeddable":true,"href":"https:\/\/sundar.be\/fr\/wp-json\/wp\/v2\/comments?post=43352"}],"wp:featuredmedia":[{"embeddable":true,"href":"https:\/\/sundar.be\/fr\/wp-json\/wp\/v2\/media\/43347"}],"wp:attachment":[{"href":"https:\/\/sundar.be\/fr\/wp-json\/wp\/v2\/media?parent=43352"}],"wp:term":[{"taxonomy":"product_brand","embeddable":true,"href":"https:\/\/sundar.be\/fr\/wp-json\/wp\/v2\/product_brand?post=43352"},{"taxonomy":"product_cat","embeddable":true,"href":"https:\/\/sundar.be\/fr\/wp-json\/wp\/v2\/product_cat?post=43352"},{"taxonomy":"product_tag","embeddable":true,"href":"https:\/\/sundar.be\/fr\/wp-json\/wp\/v2\/product_tag?post=43352"}],"curies":[{"name":"wp","href":"https:\/\/api.w.org\/{rel}","templated":true}]}}