{"id":43348,"date":"2024-10-08T14:14:31","date_gmt":"2024-10-08T12:15:42","guid":{"rendered":"https:\/\/sundar.be\/product\/set-deponges-de-maquillage-24-pieces\/"},"modified":"2025-03-13T11:26:20","modified_gmt":"2025-03-13T10:26:20","slug":"set-deponges-de-maquillage-24-pieces","status":"publish","type":"product","link":"https:\/\/sundar.be\/fr\/produit\/set-deponges-de-maquillage-24-pieces\/","title":{"rendered":"Set d&rsquo;\u00e9ponges de maquillage, 24 pi\u00e8ces"},"content":{"rendered":"<div class=\"single-product-overview-details__product-tab-text single-product-overview-details__product-tab-text--is-active\" data-tab=\"description\">\n<div class=\"single-product-overview-details__product-tab-text-description\">Les \u00e9ponges de maquillage assorties de Touch of beauty sont 24 \u00e9ponges de maquillage souples de formes diff\u00e9rentes. Le sachet contient une \u00e9ponge pour chaque type de maquillage, qu&rsquo;il s&rsquo;agisse de fond de teint liquide, d&rsquo;anticerne, de blush ou de poudre solide. Les \u00e9ponges sont douces et confortables \u00e0 utiliser, et gr\u00e2ce aux diff\u00e9rents motifs, vous aurez toujours l&rsquo;\u00e9ponge de maquillage de la bonne forme \u00e0 port\u00e9e de main !  <\/div>\n<\/div>\n","protected":false},"excerpt":{"rendered":"<p>Les \u00e9ponges de maquillage assorties de Touch of beauty sont 24 \u00e9ponges de maquillage souples de formes diff\u00e9rentes. Le sachet contient une \u00e9ponge pour chaque type de maquillage, qu&rsquo;il s&rsquo;agisse de fond de teint liquide, d&rsquo;anticerne, de blush ou de poudre solide. Les \u00e9ponges sont douces et confortables \u00e0 utiliser, et gr\u00e2ce aux diff\u00e9rents motifs, [&hellip;]<\/p>\n","protected":false},"featured_media":43343,"comment_status":"open","ping_status":"closed","template":"","meta":{"_acf_changed":false},"product_brand":[],"product_cat":[1461,4589],"product_tag":[],"class_list":{"0":"post-43348","1":"product","2":"type-product","3":"status-publish","4":"has-post-thumbnail","6":"product_cat-maquillage","7":"product_cat-maquillage-pinceaux","9":"first","10":"instock","11":"taxable","12":"shipping-taxable","13":"product-type-simple"},"acf":[],"_links":{"self":[{"href":"https:\/\/sundar.be\/fr\/wp-json\/wp\/v2\/product\/43348","targetHints":{"allow":["GET"]}}],"collection":[{"href":"https:\/\/sundar.be\/fr\/wp-json\/wp\/v2\/product"}],"about":[{"href":"https:\/\/sundar.be\/fr\/wp-json\/wp\/v2\/types\/product"}],"replies":[{"embeddable":true,"href":"https:\/\/sundar.be\/fr\/wp-json\/wp\/v2\/comments?post=43348"}],"wp:featuredmedia":[{"embeddable":true,"href":"https:\/\/sundar.be\/fr\/wp-json\/wp\/v2\/media\/43343"}],"wp:attachment":[{"href":"https:\/\/sundar.be\/fr\/wp-json\/wp\/v2\/media?parent=43348"}],"wp:term":[{"taxonomy":"product_brand","embeddable":true,"href":"https:\/\/sundar.be\/fr\/wp-json\/wp\/v2\/product_brand?post=43348"},{"taxonomy":"product_cat","embeddable":true,"href":"https:\/\/sundar.be\/fr\/wp-json\/wp\/v2\/product_cat?post=43348"},{"taxonomy":"product_tag","embeddable":true,"href":"https:\/\/sundar.be\/fr\/wp-json\/wp\/v2\/product_tag?post=43348"}],"curies":[{"name":"wp","href":"https:\/\/api.w.org\/{rel}","templated":true}]}}