{"id":43344,"date":"2024-10-08T14:12:47","date_gmt":"2024-10-08T12:14:13","guid":{"rendered":"https:\/\/sundar.be\/product\/eponges-de-maquillage-triangulaires-10-pieces\/"},"modified":"2025-03-13T11:26:04","modified_gmt":"2025-03-13T10:26:04","slug":"eponges-de-maquillage-triangulaires-10-pieces","status":"publish","type":"product","link":"https:\/\/sundar.be\/fr\/produit\/eponges-de-maquillage-triangulaires-10-pieces\/","title":{"rendered":"\u00c9ponges de maquillage triangulaires, 10 pi\u00e8ces"},"content":{"rendered":"<ul class=\"a-unordered-list a-vertical a-spacing-mini\">\n<li><span class=\"a-list-item\">Excellent pour les fonds de teint liquides ou en mousse, les poudres r\u00e9guli\u00e8res ou min\u00e9rales, les bronzages, les blushs et les m\u00e8ches.<\/span><\/li>\n<li><span class=\"a-list-item\">Peut \u00eatre nettoy\u00e9 avec un d\u00e9tergent doux et de l&rsquo;eau et laiss\u00e9 s\u00e9cher avant d&rsquo;\u00eatre r\u00e9utilis\u00e9.<\/span><\/li>\n<li><span class=\"a-list-item\">Le paquet contient 10 pi\u00e8ces<\/span><\/li>\n<\/ul>\n","protected":false},"excerpt":{"rendered":"<p>Excellent pour les fonds de teint liquides ou en mousse, les poudres r\u00e9guli\u00e8res ou min\u00e9rales, les bronzages, les blushs et les m\u00e8ches. Peut \u00eatre nettoy\u00e9 avec un d\u00e9tergent doux et de l&rsquo;eau et laiss\u00e9 s\u00e9cher avant d&rsquo;\u00eatre r\u00e9utilis\u00e9. Le paquet contient 10 pi\u00e8ces<\/p>\n","protected":false},"featured_media":43338,"comment_status":"open","ping_status":"closed","template":"","meta":{"_acf_changed":false},"product_brand":[],"product_cat":[1461,4589],"product_tag":[],"class_list":{"0":"post-43344","1":"product","2":"type-product","3":"status-publish","4":"has-post-thumbnail","6":"product_cat-maquillage","7":"product_cat-maquillage-pinceaux","9":"first","10":"instock","11":"taxable","12":"shipping-taxable","13":"product-type-simple"},"acf":[],"_links":{"self":[{"href":"https:\/\/sundar.be\/fr\/wp-json\/wp\/v2\/product\/43344","targetHints":{"allow":["GET"]}}],"collection":[{"href":"https:\/\/sundar.be\/fr\/wp-json\/wp\/v2\/product"}],"about":[{"href":"https:\/\/sundar.be\/fr\/wp-json\/wp\/v2\/types\/product"}],"replies":[{"embeddable":true,"href":"https:\/\/sundar.be\/fr\/wp-json\/wp\/v2\/comments?post=43344"}],"wp:featuredmedia":[{"embeddable":true,"href":"https:\/\/sundar.be\/fr\/wp-json\/wp\/v2\/media\/43338"}],"wp:attachment":[{"href":"https:\/\/sundar.be\/fr\/wp-json\/wp\/v2\/media?parent=43344"}],"wp:term":[{"taxonomy":"product_brand","embeddable":true,"href":"https:\/\/sundar.be\/fr\/wp-json\/wp\/v2\/product_brand?post=43344"},{"taxonomy":"product_cat","embeddable":true,"href":"https:\/\/sundar.be\/fr\/wp-json\/wp\/v2\/product_cat?post=43344"},{"taxonomy":"product_tag","embeddable":true,"href":"https:\/\/sundar.be\/fr\/wp-json\/wp\/v2\/product_tag?post=43344"}],"curies":[{"name":"wp","href":"https:\/\/api.w.org\/{rel}","templated":true}]}}