{"id":43331,"date":"2024-10-08T14:08:38","date_gmt":"2024-10-08T12:10:10","guid":{"rendered":"https:\/\/sundar.be\/product\/set-de-pinceaux-de-maquillage-8-pieces\/"},"modified":"2025-03-13T11:26:11","modified_gmt":"2025-03-13T10:26:11","slug":"set-de-pinceaux-de-maquillage-8-pieces","status":"publish","type":"product","link":"https:\/\/sundar.be\/fr\/produit\/set-de-pinceaux-de-maquillage-8-pieces\/","title":{"rendered":"Set de pinceaux de maquillage 8 pi\u00e8ces"},"content":{"rendered":"<div class=\"single-product-overview-details__product-tab-text single-product-overview-details__product-tab-text--is-active\" data-tab=\"description\">\n<div class=\"single-product-overview-details__product-tab-text-description\">Les poils synth\u00e9tiques sont plus hygi\u00e9niques et la texture des poils reste intacte. Les poils synth\u00e9tiques pr\u00e9sentent l&rsquo;avantage de ne pas irriter la peau. Les brosses sont douces et agr\u00e9ables au toucher. Les pinceaux garantissent une application parfaite du maquillage sur la peau.   <\/div>\n<\/div>\n","protected":false},"excerpt":{"rendered":"<p>Les poils synth\u00e9tiques sont plus hygi\u00e9niques et la texture des poils reste intacte. Les poils synth\u00e9tiques pr\u00e9sentent l&rsquo;avantage de ne pas irriter la peau. Les brosses sont douces et agr\u00e9ables au toucher. Les pinceaux garantissent une application parfaite du maquillage sur la peau.<\/p>\n","protected":false},"featured_media":43326,"comment_status":"open","ping_status":"closed","template":"","meta":{"_acf_changed":false},"product_brand":[],"product_cat":[1461,4589],"product_tag":[],"class_list":{"0":"post-43331","1":"product","2":"type-product","3":"status-publish","4":"has-post-thumbnail","6":"product_cat-maquillage","7":"product_cat-maquillage-pinceaux","9":"first","10":"instock","11":"taxable","12":"shipping-taxable","13":"product-type-simple"},"acf":[],"_links":{"self":[{"href":"https:\/\/sundar.be\/fr\/wp-json\/wp\/v2\/product\/43331","targetHints":{"allow":["GET"]}}],"collection":[{"href":"https:\/\/sundar.be\/fr\/wp-json\/wp\/v2\/product"}],"about":[{"href":"https:\/\/sundar.be\/fr\/wp-json\/wp\/v2\/types\/product"}],"replies":[{"embeddable":true,"href":"https:\/\/sundar.be\/fr\/wp-json\/wp\/v2\/comments?post=43331"}],"wp:featuredmedia":[{"embeddable":true,"href":"https:\/\/sundar.be\/fr\/wp-json\/wp\/v2\/media\/43326"}],"wp:attachment":[{"href":"https:\/\/sundar.be\/fr\/wp-json\/wp\/v2\/media?parent=43331"}],"wp:term":[{"taxonomy":"product_brand","embeddable":true,"href":"https:\/\/sundar.be\/fr\/wp-json\/wp\/v2\/product_brand?post=43331"},{"taxonomy":"product_cat","embeddable":true,"href":"https:\/\/sundar.be\/fr\/wp-json\/wp\/v2\/product_cat?post=43331"},{"taxonomy":"product_tag","embeddable":true,"href":"https:\/\/sundar.be\/fr\/wp-json\/wp\/v2\/product_tag?post=43331"}],"curies":[{"name":"wp","href":"https:\/\/api.w.org\/{rel}","templated":true}]}}