{"id":43327,"date":"2024-10-08T14:06:27","date_gmt":"2024-10-08T12:08:22","guid":{"rendered":"https:\/\/sundar.be\/product\/set-de-pinceaux-de-maquillage-4-pieces-dans-un-coffret-cadeau\/"},"modified":"2025-03-13T11:26:11","modified_gmt":"2025-03-13T10:26:11","slug":"set-de-pinceaux-de-maquillage-4-pieces-dans-un-coffret-cadeau","status":"publish","type":"product","link":"https:\/\/sundar.be\/fr\/produit\/set-de-pinceaux-de-maquillage-4-pieces-dans-un-coffret-cadeau\/","title":{"rendered":"Set de pinceaux de maquillage 4 pi\u00e8ces dans un coffret cadeau"},"content":{"rendered":"<p>Les brosses sont faciles \u00e0 utiliser en d\u00e9placement. Utilisez les pinceaux avec des produits liquides et solides, aux endroits pour lesquels ils ont \u00e9t\u00e9 con\u00e7us, pour obtenir les meilleurs r\u00e9sultats. <\/p>\n<p><strong>Contenu:<\/strong><\/p>\n<ul>\n<li>Set de voyage<\/li>\n<li>Pinceau pour la poudre<\/li>\n<li>Pinceau anti-cernes<\/li>\n<li>Pinceau pour ombre \u00e0 paupi\u00e8res et eyeliner<\/li>\n<\/ul>\n","protected":false},"excerpt":{"rendered":"<p>Les brosses sont faciles \u00e0 utiliser en d\u00e9placement. Utilisez les pinceaux avec des produits liquides et solides, aux endroits pour lesquels ils ont \u00e9t\u00e9 con\u00e7us, pour obtenir les meilleurs r\u00e9sultats. Contenu: Set de voyage Pinceau pour la poudre Pinceau anti-cernes Pinceau pour ombre \u00e0 paupi\u00e8res et eyeliner<\/p>\n","protected":false},"featured_media":43321,"comment_status":"open","ping_status":"closed","template":"","meta":{"_acf_changed":false},"product_brand":[],"product_cat":[1461,4589],"product_tag":[],"class_list":{"0":"post-43327","1":"product","2":"type-product","3":"status-publish","4":"has-post-thumbnail","6":"product_cat-maquillage","7":"product_cat-maquillage-pinceaux","9":"first","10":"instock","11":"taxable","12":"shipping-taxable","13":"product-type-simple"},"acf":[],"_links":{"self":[{"href":"https:\/\/sundar.be\/fr\/wp-json\/wp\/v2\/product\/43327","targetHints":{"allow":["GET"]}}],"collection":[{"href":"https:\/\/sundar.be\/fr\/wp-json\/wp\/v2\/product"}],"about":[{"href":"https:\/\/sundar.be\/fr\/wp-json\/wp\/v2\/types\/product"}],"replies":[{"embeddable":true,"href":"https:\/\/sundar.be\/fr\/wp-json\/wp\/v2\/comments?post=43327"}],"wp:featuredmedia":[{"embeddable":true,"href":"https:\/\/sundar.be\/fr\/wp-json\/wp\/v2\/media\/43321"}],"wp:attachment":[{"href":"https:\/\/sundar.be\/fr\/wp-json\/wp\/v2\/media?parent=43327"}],"wp:term":[{"taxonomy":"product_brand","embeddable":true,"href":"https:\/\/sundar.be\/fr\/wp-json\/wp\/v2\/product_brand?post=43327"},{"taxonomy":"product_cat","embeddable":true,"href":"https:\/\/sundar.be\/fr\/wp-json\/wp\/v2\/product_cat?post=43327"},{"taxonomy":"product_tag","embeddable":true,"href":"https:\/\/sundar.be\/fr\/wp-json\/wp\/v2\/product_tag?post=43327"}],"curies":[{"name":"wp","href":"https:\/\/api.w.org\/{rel}","templated":true}]}}