{"id":43322,"date":"2024-10-08T14:04:53","date_gmt":"2024-10-08T12:06:56","guid":{"rendered":"https:\/\/sundar.be\/product\/ensemble-de-pinceaux-de-maquillage-6-pieces-dans-un-sac\/"},"modified":"2025-03-13T11:26:10","modified_gmt":"2025-03-13T10:26:10","slug":"ensemble-de-pinceaux-de-maquillage-6-pieces-dans-un-sac","status":"publish","type":"product","link":"https:\/\/sundar.be\/fr\/produit\/ensemble-de-pinceaux-de-maquillage-6-pieces-dans-un-sac\/","title":{"rendered":"Ensemble de pinceaux de maquillage 6 pi\u00e8ces dans un sac"},"content":{"rendered":"<ul>\n<li>L&rsquo;\u00e9tui contient des brosses de diff\u00e9rentes tailles pour vous permettre d&rsquo;avoir la bonne brosse pour chaque travail.<\/li>\n<li>Tr\u00e8s pratique pour les d\u00e9placements et le transport<\/li>\n<li>Contenu : 6 pi\u00e8ces (y compris l&rsquo;\u00e9tui)<\/li>\n<li>Dimensions: <span class=\"value\">25 x 110 x 190 mm<\/span><\/li>\n<\/ul>\n","protected":false},"excerpt":{"rendered":"<p>L&rsquo;\u00e9tui contient des brosses de diff\u00e9rentes tailles pour vous permettre d&rsquo;avoir la bonne brosse pour chaque travail. Tr\u00e8s pratique pour les d\u00e9placements et le transport Contenu : 6 pi\u00e8ces (y compris l&rsquo;\u00e9tui) Dimensions: 25 x 110 x 190 mm<\/p>\n","protected":false},"featured_media":43315,"comment_status":"open","ping_status":"closed","template":"","meta":{"_acf_changed":false},"product_brand":[],"product_cat":[1461,4589],"product_tag":[],"class_list":{"0":"post-43322","1":"product","2":"type-product","3":"status-publish","4":"has-post-thumbnail","6":"product_cat-maquillage","7":"product_cat-maquillage-pinceaux","9":"first","10":"instock","11":"taxable","12":"shipping-taxable","13":"product-type-simple"},"acf":[],"_links":{"self":[{"href":"https:\/\/sundar.be\/fr\/wp-json\/wp\/v2\/product\/43322","targetHints":{"allow":["GET"]}}],"collection":[{"href":"https:\/\/sundar.be\/fr\/wp-json\/wp\/v2\/product"}],"about":[{"href":"https:\/\/sundar.be\/fr\/wp-json\/wp\/v2\/types\/product"}],"replies":[{"embeddable":true,"href":"https:\/\/sundar.be\/fr\/wp-json\/wp\/v2\/comments?post=43322"}],"wp:featuredmedia":[{"embeddable":true,"href":"https:\/\/sundar.be\/fr\/wp-json\/wp\/v2\/media\/43315"}],"wp:attachment":[{"href":"https:\/\/sundar.be\/fr\/wp-json\/wp\/v2\/media?parent=43322"}],"wp:term":[{"taxonomy":"product_brand","embeddable":true,"href":"https:\/\/sundar.be\/fr\/wp-json\/wp\/v2\/product_brand?post=43322"},{"taxonomy":"product_cat","embeddable":true,"href":"https:\/\/sundar.be\/fr\/wp-json\/wp\/v2\/product_cat?post=43322"},{"taxonomy":"product_tag","embeddable":true,"href":"https:\/\/sundar.be\/fr\/wp-json\/wp\/v2\/product_tag?post=43322"}],"curies":[{"name":"wp","href":"https:\/\/api.w.org\/{rel}","templated":true}]}}