{"id":43306,"date":"2024-10-08T14:00:48","date_gmt":"2024-10-08T12:02:15","guid":{"rendered":"https:\/\/sundar.be\/product\/liner-pro-recht\/"},"modified":"2025-03-13T11:28:43","modified_gmt":"2025-03-13T10:28:43","slug":"liner-pro-recht","status":"publish","type":"product","link":"https:\/\/sundar.be\/fr\/produit\/liner-pro-recht\/","title":{"rendered":"Liner PRO recht"},"content":{"rendered":"<p>Poils droit, plat, court, synth\u00e9tiques. Pour le liner et les sourcils. <\/p>\n<p>Les pinceaux de haute qualit\u00e9 de la s\u00e9rie PRO ont \u00e9t\u00e9 sp\u00e9cialement con\u00e7us pour un usage professionnel. Les poils de couleurs diff\u00e9rentes et le manche en bois noir \u00e9l\u00e9gant font des pinceaux un v\u00e9ritable atout esth\u00e9tique. Les poils synth\u00e9tiques et de ch\u00e8vre les plus fins permettent une application et un m\u00e9lange optimaux des produits cosm\u00e9tiques d\u00e9coratifs tout en offrant une douce sensation sur la peau. Ils sont \u00e9galement tr\u00e8s doux pour la peau.   <\/p>\n","protected":false},"excerpt":{"rendered":"<p>Poils droit, plat, court, synth\u00e9tiques. Pour le liner et les sourcils. Les pinceaux de haute qualit\u00e9 de la s\u00e9rie PRO ont \u00e9t\u00e9 sp\u00e9cialement con\u00e7us pour un usage professionnel. Les poils de couleurs diff\u00e9rentes et le manche en bois noir \u00e9l\u00e9gant font des pinceaux un v\u00e9ritable atout esth\u00e9tique. Les poils synth\u00e9tiques et de ch\u00e8vre les plus [&hellip;]<\/p>\n","protected":false},"featured_media":43299,"comment_status":"open","ping_status":"closed","template":"","meta":{"_acf_changed":false},"product_brand":[],"product_cat":[1461,4589],"product_tag":[],"class_list":{"0":"post-43306","1":"product","2":"type-product","3":"status-publish","4":"has-post-thumbnail","6":"product_cat-maquillage","7":"product_cat-maquillage-pinceaux","9":"first","10":"instock","11":"taxable","12":"shipping-taxable","13":"product-type-simple"},"acf":[],"_links":{"self":[{"href":"https:\/\/sundar.be\/fr\/wp-json\/wp\/v2\/product\/43306","targetHints":{"allow":["GET"]}}],"collection":[{"href":"https:\/\/sundar.be\/fr\/wp-json\/wp\/v2\/product"}],"about":[{"href":"https:\/\/sundar.be\/fr\/wp-json\/wp\/v2\/types\/product"}],"replies":[{"embeddable":true,"href":"https:\/\/sundar.be\/fr\/wp-json\/wp\/v2\/comments?post=43306"}],"wp:featuredmedia":[{"embeddable":true,"href":"https:\/\/sundar.be\/fr\/wp-json\/wp\/v2\/media\/43299"}],"wp:attachment":[{"href":"https:\/\/sundar.be\/fr\/wp-json\/wp\/v2\/media?parent=43306"}],"wp:term":[{"taxonomy":"product_brand","embeddable":true,"href":"https:\/\/sundar.be\/fr\/wp-json\/wp\/v2\/product_brand?post=43306"},{"taxonomy":"product_cat","embeddable":true,"href":"https:\/\/sundar.be\/fr\/wp-json\/wp\/v2\/product_cat?post=43306"},{"taxonomy":"product_tag","embeddable":true,"href":"https:\/\/sundar.be\/fr\/wp-json\/wp\/v2\/product_tag?post=43306"}],"curies":[{"name":"wp","href":"https:\/\/api.w.org\/{rel}","templated":true}]}}