{"id":43296,"date":"2024-10-08T13:58:08","date_gmt":"2024-10-08T11:59:24","guid":{"rendered":"https:\/\/sundar.be\/product\/eye-liner-pro\/"},"modified":"2025-03-13T11:28:48","modified_gmt":"2025-03-13T10:28:48","slug":"eye-liner-pro","status":"publish","type":"product","link":"https:\/\/sundar.be\/fr\/produit\/eye-liner-pro\/","title":{"rendered":"Eye-Liner PRO"},"content":{"rendered":"<p>Ce pinceau se caract\u00e9rise par sa grande \u00e9lasticit\u00e9 et sa capacit\u00e9 \u00e0 conserver sa forme. Pour dessiner la ligne de la paupi\u00e8re avec l&rsquo;eyeliner. <\/p>\n<ul>\n<li>pointe ronde<\/li>\n<li>cheveux synth\u00e9tiques de couleur acajou<\/li>\n<li>taille 2\/0<\/li>\n<\/ul>\n","protected":false},"excerpt":{"rendered":"<p>Ce pinceau se caract\u00e9rise par sa grande \u00e9lasticit\u00e9 et sa capacit\u00e9 \u00e0 conserver sa forme. Pour dessiner la ligne de la paupi\u00e8re avec l&rsquo;eyeliner. pointe ronde cheveux synth\u00e9tiques de couleur acajou taille 2\/0<\/p>\n","protected":false},"featured_media":43290,"comment_status":"open","ping_status":"closed","template":"","meta":{"_acf_changed":false},"product_brand":[],"product_cat":[1461,4589],"product_tag":[],"class_list":{"0":"post-43296","1":"product","2":"type-product","3":"status-publish","4":"has-post-thumbnail","6":"product_cat-maquillage","7":"product_cat-maquillage-pinceaux","9":"first","10":"instock","11":"taxable","12":"shipping-taxable","13":"product-type-simple"},"acf":[],"_links":{"self":[{"href":"https:\/\/sundar.be\/fr\/wp-json\/wp\/v2\/product\/43296","targetHints":{"allow":["GET"]}}],"collection":[{"href":"https:\/\/sundar.be\/fr\/wp-json\/wp\/v2\/product"}],"about":[{"href":"https:\/\/sundar.be\/fr\/wp-json\/wp\/v2\/types\/product"}],"replies":[{"embeddable":true,"href":"https:\/\/sundar.be\/fr\/wp-json\/wp\/v2\/comments?post=43296"}],"wp:featuredmedia":[{"embeddable":true,"href":"https:\/\/sundar.be\/fr\/wp-json\/wp\/v2\/media\/43290"}],"wp:attachment":[{"href":"https:\/\/sundar.be\/fr\/wp-json\/wp\/v2\/media?parent=43296"}],"wp:term":[{"taxonomy":"product_brand","embeddable":true,"href":"https:\/\/sundar.be\/fr\/wp-json\/wp\/v2\/product_brand?post=43296"},{"taxonomy":"product_cat","embeddable":true,"href":"https:\/\/sundar.be\/fr\/wp-json\/wp\/v2\/product_cat?post=43296"},{"taxonomy":"product_tag","embeddable":true,"href":"https:\/\/sundar.be\/fr\/wp-json\/wp\/v2\/product_tag?post=43296"}],"curies":[{"name":"wp","href":"https:\/\/api.w.org\/{rel}","templated":true}]}}