{"id":43265,"date":"2024-10-08T13:40:02","date_gmt":"2024-10-08T11:40:02","guid":{"rendered":"https:\/\/sundar.be\/product\/arcancil-paris-very-mat-lipstick-3-6g\/"},"modified":"2025-08-04T13:48:21","modified_gmt":"2025-08-04T11:48:21","slug":"arcancil-paris-very-mat-lipstick-3-6g","status":"publish","type":"product","link":"https:\/\/sundar.be\/fr\/produit\/arcancil-paris-very-mat-lipstick-3-6g\/","title":{"rendered":"Arcancil Paris Very Mat Lipstick, 3.6g"},"content":{"rendered":"<p id=\"tw-target-text\" class=\"tw-data-text tw-text-large tw-ta\" dir=\"ltr\" data-placeholder=\"Vertaling\"><span class=\"Y2IQFc\" lang=\"nl\">Un rouge \u00e0 l\u00e8vres mat d&rsquo;un confort sans pr\u00e9c\u00e9dent. <\/span><\/p>\n<p class=\"tw-data-text tw-text-large tw-ta\" dir=\"ltr\" data-placeholder=\"Vertaling\"><span class=\"Y2IQFc\" lang=\"nl\">Enrichi en pigments purs, VERY MAT donne \u00e0 vos l\u00e8vres une couleur intense et un fini infiniment mat qui dure toute la journ\u00e9e. Aussi confortable qu&rsquo;un baume, sa texture l\u00e9g\u00e8re donne un fini velout\u00e9 \u00e0 vos l\u00e8vres en un seul geste. <\/span><\/p>\n","protected":false},"excerpt":{"rendered":"<p>Rouge \u00e0 l\u00e8vres mat<\/p>\n","protected":false},"featured_media":43255,"comment_status":"open","ping_status":"closed","template":"","meta":{"_acf_changed":false},"product_brand":[],"product_cat":[4469,1461],"product_tag":[],"class_list":{"0":"post-43265","1":"product","2":"type-product","3":"status-publish","4":"has-post-thumbnail","6":"product_cat-maquillage-levres","7":"product_cat-maquillage","8":"pa_kleur-100-rouge-mat","9":"pa_kleur-228-corail-mat","10":"pa_kleur-336-fuchsia-mat","11":"pa_kleur-344-bois-de-rose-mat","12":"pa_kleur-345-rose-mat","13":"pa_kleur-347-rose-lichi-mat","14":"pa_kleur-383-pourpre-mat","15":"pa_kleur-384-lie-de-vin-mat","16":"pa_kleur-435-nude-mat","17":"pa_kleur-512-brun-acajou-mat","19":"first","20":"instock","21":"taxable","22":"shipping-taxable","23":"product-type-variable"},"acf":[],"_links":{"self":[{"href":"https:\/\/sundar.be\/fr\/wp-json\/wp\/v2\/product\/43265","targetHints":{"allow":["GET"]}}],"collection":[{"href":"https:\/\/sundar.be\/fr\/wp-json\/wp\/v2\/product"}],"about":[{"href":"https:\/\/sundar.be\/fr\/wp-json\/wp\/v2\/types\/product"}],"replies":[{"embeddable":true,"href":"https:\/\/sundar.be\/fr\/wp-json\/wp\/v2\/comments?post=43265"}],"wp:featuredmedia":[{"embeddable":true,"href":"https:\/\/sundar.be\/fr\/wp-json\/wp\/v2\/media\/43255"}],"wp:attachment":[{"href":"https:\/\/sundar.be\/fr\/wp-json\/wp\/v2\/media?parent=43265"}],"wp:term":[{"taxonomy":"product_brand","embeddable":true,"href":"https:\/\/sundar.be\/fr\/wp-json\/wp\/v2\/product_brand?post=43265"},{"taxonomy":"product_cat","embeddable":true,"href":"https:\/\/sundar.be\/fr\/wp-json\/wp\/v2\/product_cat?post=43265"},{"taxonomy":"product_tag","embeddable":true,"href":"https:\/\/sundar.be\/fr\/wp-json\/wp\/v2\/product_tag?post=43265"}],"curies":[{"name":"wp","href":"https:\/\/api.w.org\/{rel}","templated":true}]}}