{"id":43264,"date":"2024-10-08T13:07:01","date_gmt":"2024-10-08T11:41:14","guid":{"rendered":"https:\/\/sundar.be\/product\/arcancil-paris-urban-glow-primer-30ml\/"},"modified":"2025-03-13T11:28:46","modified_gmt":"2025-03-13T10:28:46","slug":"arcancil-paris-urban-glow-primer-30ml","status":"publish","type":"product","link":"https:\/\/sundar.be\/fr\/produit\/arcancil-paris-urban-glow-primer-30ml\/","title":{"rendered":"Arcancil Paris Urban Glow Primer, 30ml"},"content":{"rendered":"<p id=\"tw-target-text\" class=\"tw-data-text tw-text-large tw-ta\" dir=\"ltr\" data-placeholder=\"Vertaling\"><span class=\"Y2IQFc\" lang=\"nl\">Cet appr\u00eat pour le visage enrichi en perles fines rehausse l&rsquo;\u00e9clat de la peau pour un fini naturellement brillant ! <\/span><\/p>\n<p class=\"tw-data-text tw-text-large tw-ta\" dir=\"ltr\" data-placeholder=\"Vertaling\"><span class=\"Y2IQFc\" lang=\"nl\">La texture cr\u00e9meuse et l\u00e9g\u00e8re contient 94% d&rsquo;ingr\u00e9dients d&rsquo;origine naturelle, dont la figue de barbarie connue pour ses propri\u00e9t\u00e9s r\u00e9paratrices, antioxydantes et protectrices. <\/span><\/p>\n","protected":false},"excerpt":{"rendered":"<p>Primaire pour le visage<\/p>\n","protected":false},"featured_media":43228,"comment_status":"open","ping_status":"closed","template":"","meta":{"_acf_changed":false},"product_brand":[],"product_cat":[4489,1461],"product_tag":[],"class_list":{"0":"post-43264","1":"product","2":"type-product","3":"status-publish","4":"has-post-thumbnail","6":"product_cat-maquillage-blush-bronzage","7":"product_cat-maquillage","9":"first","10":"instock","11":"taxable","12":"shipping-taxable","13":"product-type-simple"},"acf":[],"_links":{"self":[{"href":"https:\/\/sundar.be\/fr\/wp-json\/wp\/v2\/product\/43264","targetHints":{"allow":["GET"]}}],"collection":[{"href":"https:\/\/sundar.be\/fr\/wp-json\/wp\/v2\/product"}],"about":[{"href":"https:\/\/sundar.be\/fr\/wp-json\/wp\/v2\/types\/product"}],"replies":[{"embeddable":true,"href":"https:\/\/sundar.be\/fr\/wp-json\/wp\/v2\/comments?post=43264"}],"wp:featuredmedia":[{"embeddable":true,"href":"https:\/\/sundar.be\/fr\/wp-json\/wp\/v2\/media\/43228"}],"wp:attachment":[{"href":"https:\/\/sundar.be\/fr\/wp-json\/wp\/v2\/media?parent=43264"}],"wp:term":[{"taxonomy":"product_brand","embeddable":true,"href":"https:\/\/sundar.be\/fr\/wp-json\/wp\/v2\/product_brand?post=43264"},{"taxonomy":"product_cat","embeddable":true,"href":"https:\/\/sundar.be\/fr\/wp-json\/wp\/v2\/product_cat?post=43264"},{"taxonomy":"product_tag","embeddable":true,"href":"https:\/\/sundar.be\/fr\/wp-json\/wp\/v2\/product_tag?post=43264"}],"curies":[{"name":"wp","href":"https:\/\/api.w.org\/{rel}","templated":true}]}}