{"id":43229,"date":"2024-10-08T13:03:46","date_gmt":"2024-10-08T11:07:20","guid":{"rendered":"https:\/\/sundar.be\/product\/arcancil-paris-trio-cabaret-eyeshadow\/"},"modified":"2025-03-13T11:30:19","modified_gmt":"2025-03-13T10:30:19","slug":"arcancil-paris-trio-cabaret-eyeshadow","status":"publish","type":"product","link":"https:\/\/sundar.be\/fr\/produit\/arcancil-paris-trio-cabaret-eyeshadow\/","title":{"rendered":"Arcancil Paris Trio Cabaret Eyeshadow"},"content":{"rendered":"<p>Une collection d&rsquo;ombres \u00e0 paupi\u00e8res color\u00e9es, disponibles en version mate et finement nacr\u00e9e. Leur formule est tr\u00e8s concentr\u00e9e en pigments pour un regard intense et leur texture fine et soyeuse se travaille facilement pour un r\u00e9sultat tr\u00e8s \u00e9l\u00e9gant. <\/p>\n","protected":false},"excerpt":{"rendered":"<p>Une collection d&rsquo;ombres \u00e0 paupi\u00e8res color\u00e9es, disponibles en version mate et finement nacr\u00e9e. Leur formule est tr\u00e8s concentr\u00e9e en pigments pour un regard intense et leur texture fine et soyeuse se travaille facilement pour un r\u00e9sultat tr\u00e8s \u00e9l\u00e9gant.<\/p>\n","protected":false},"featured_media":43223,"comment_status":"open","ping_status":"closed","template":"","meta":{"_acf_changed":false},"product_brand":[],"product_cat":[1461,4468],"product_tag":[],"class_list":{"0":"post-43229","1":"product","2":"type-product","3":"status-publish","4":"has-post-thumbnail","6":"product_cat-maquillage","7":"product_cat-maquillage-yeux","8":"pa_kleur-001-noir-music-hall","9":"pa_kleur-007-vert-opera","11":"first","12":"instock","13":"taxable","14":"shipping-taxable","15":"product-type-variable"},"acf":[],"_links":{"self":[{"href":"https:\/\/sundar.be\/fr\/wp-json\/wp\/v2\/product\/43229","targetHints":{"allow":["GET"]}}],"collection":[{"href":"https:\/\/sundar.be\/fr\/wp-json\/wp\/v2\/product"}],"about":[{"href":"https:\/\/sundar.be\/fr\/wp-json\/wp\/v2\/types\/product"}],"replies":[{"embeddable":true,"href":"https:\/\/sundar.be\/fr\/wp-json\/wp\/v2\/comments?post=43229"}],"wp:featuredmedia":[{"embeddable":true,"href":"https:\/\/sundar.be\/fr\/wp-json\/wp\/v2\/media\/43223"}],"wp:attachment":[{"href":"https:\/\/sundar.be\/fr\/wp-json\/wp\/v2\/media?parent=43229"}],"wp:term":[{"taxonomy":"product_brand","embeddable":true,"href":"https:\/\/sundar.be\/fr\/wp-json\/wp\/v2\/product_brand?post=43229"},{"taxonomy":"product_cat","embeddable":true,"href":"https:\/\/sundar.be\/fr\/wp-json\/wp\/v2\/product_cat?post=43229"},{"taxonomy":"product_tag","embeddable":true,"href":"https:\/\/sundar.be\/fr\/wp-json\/wp\/v2\/product_tag?post=43229"}],"curies":[{"name":"wp","href":"https:\/\/api.w.org\/{rel}","templated":true}]}}