{"id":43205,"date":"2024-10-08T12:26:24","date_gmt":"2024-10-08T10:26:24","guid":{"rendered":"https:\/\/sundar.be\/product\/arcancil-paris-starliner-waterproof-eyeliner-pencil-1-1g\/"},"modified":"2025-08-04T13:48:18","modified_gmt":"2025-08-04T11:48:18","slug":"arcancil-paris-starliner-waterproof-eyeliner-pencil-1-1g","status":"publish","type":"product","link":"https:\/\/sundar.be\/fr\/produit\/arcancil-paris-starliner-waterproof-eyeliner-pencil-1-1g\/","title":{"rendered":"Arcancil Paris Starliner Waterproof Eyeliner Pencil, 1.1g"},"content":{"rendered":"<p>Ce crayon combine l&rsquo;efficacit\u00e9 d&rsquo;une formule \u00e9tanche avec une intensit\u00e9 de couleur exceptionnelle. Il est id\u00e9al pour obtenir un look fum\u00e9 gr\u00e2ce \u00e0 sa texture cr\u00e9meuse, ses contours pr\u00e9cis et ses couleurs vives et profondes. <\/p>\n<p>Crayon au corps plastique avec une texture cr\u00e9meuse et fondante pour un look impeccable. La formule \u00e9tanche garantit une longue tenue. <\/p>\n","protected":false},"excerpt":{"rendered":"<p>Eye-liner r\u00e9sistant \u00e0 l&rsquo;eau<\/p>\n","protected":false},"featured_media":43200,"comment_status":"open","ping_status":"closed","template":"","meta":{"_acf_changed":false},"product_brand":[],"product_cat":[1461,4468],"product_tag":[],"class_list":{"0":"post-43205","1":"product","2":"type-product","3":"status-publish","4":"has-post-thumbnail","6":"product_cat-maquillage","7":"product_cat-maquillage-yeux","8":"pa_kleur-001-noir","9":"pa_kleur-002-brun","10":"pa_kleur-205-bois-dore","11":"pa_kleur-334-marine","12":"pa_kleur-505-amethyste-sauvage","13":"pa_kleur-506-bleu-gauloise","14":"pa_kleur-507-bleu-nacre","15":"pa_kleur-508-baby-blue","16":"pa_kleur-509-iris","17":"pa_kleur-511-blanc","18":"pa_kleur-512-beige","19":"pa_kleur-601-browny-black","20":"pa_kleur-602-prune","21":"pa_kleur-603-taupe","23":"first","24":"instock","25":"taxable","26":"shipping-taxable","27":"product-type-variable"},"acf":[],"_links":{"self":[{"href":"https:\/\/sundar.be\/fr\/wp-json\/wp\/v2\/product\/43205","targetHints":{"allow":["GET"]}}],"collection":[{"href":"https:\/\/sundar.be\/fr\/wp-json\/wp\/v2\/product"}],"about":[{"href":"https:\/\/sundar.be\/fr\/wp-json\/wp\/v2\/types\/product"}],"replies":[{"embeddable":true,"href":"https:\/\/sundar.be\/fr\/wp-json\/wp\/v2\/comments?post=43205"}],"wp:featuredmedia":[{"embeddable":true,"href":"https:\/\/sundar.be\/fr\/wp-json\/wp\/v2\/media\/43200"}],"wp:attachment":[{"href":"https:\/\/sundar.be\/fr\/wp-json\/wp\/v2\/media?parent=43205"}],"wp:term":[{"taxonomy":"product_brand","embeddable":true,"href":"https:\/\/sundar.be\/fr\/wp-json\/wp\/v2\/product_brand?post=43205"},{"taxonomy":"product_cat","embeddable":true,"href":"https:\/\/sundar.be\/fr\/wp-json\/wp\/v2\/product_cat?post=43205"},{"taxonomy":"product_tag","embeddable":true,"href":"https:\/\/sundar.be\/fr\/wp-json\/wp\/v2\/product_tag?post=43205"}],"curies":[{"name":"wp","href":"https:\/\/api.w.org\/{rel}","templated":true}]}}