{"id":43152,"date":"2024-10-08T11:52:12","date_gmt":"2024-10-08T09:57:29","guid":{"rendered":"https:\/\/sundar.be\/product\/arcancil-paris-poudre-libre-delicate-15g\/"},"modified":"2025-03-13T11:30:52","modified_gmt":"2025-03-13T10:30:52","slug":"arcancil-paris-poudre-libre-delicate-15g","status":"publish","type":"product","link":"https:\/\/sundar.be\/fr\/produit\/arcancil-paris-poudre-libre-delicate-15g\/","title":{"rendered":"Arcancil Paris Poudre Libre D\u00e9licate, 15g"},"content":{"rendered":"<p>Sa formule est enrichie en pigments anti-rougeurs et en vitamines A et E. Son applicateur en velours de coton, doux et a\u00e9r\u00e9, permet de d\u00e9poser la quantit\u00e9 optimale de poudre pour matifier le teint et fixer le maquillage. Il illumine d\u00e9licatement le teint gr\u00e2ce \u00e0 ses r\u00e9flecteurs de lumi\u00e8re. <\/p>\n","protected":false},"excerpt":{"rendered":"<p>Cette poudre \u00e0 la texture l\u00e9g\u00e8re et ultra-fine est id\u00e9ale pour un effet peau 100% naturel.<\/p>\n","protected":false},"featured_media":43138,"comment_status":"open","ping_status":"closed","template":"","meta":{"_acf_changed":false},"product_brand":[],"product_cat":[4489,1461],"product_tag":[],"class_list":{"0":"post-43152","1":"product","2":"type-product","3":"status-publish","4":"has-post-thumbnail","6":"product_cat-maquillage-blush-bronzage","7":"product_cat-maquillage","8":"pa_kleur-000-universelle","9":"pa_kleur-001-naturelle","10":"pa_kleur-002-beige","11":"pa_kleur-003-brune","13":"first","14":"instock","15":"taxable","16":"shipping-taxable","17":"product-type-variable"},"acf":[],"_links":{"self":[{"href":"https:\/\/sundar.be\/fr\/wp-json\/wp\/v2\/product\/43152","targetHints":{"allow":["GET"]}}],"collection":[{"href":"https:\/\/sundar.be\/fr\/wp-json\/wp\/v2\/product"}],"about":[{"href":"https:\/\/sundar.be\/fr\/wp-json\/wp\/v2\/types\/product"}],"replies":[{"embeddable":true,"href":"https:\/\/sundar.be\/fr\/wp-json\/wp\/v2\/comments?post=43152"}],"wp:featuredmedia":[{"embeddable":true,"href":"https:\/\/sundar.be\/fr\/wp-json\/wp\/v2\/media\/43138"}],"wp:attachment":[{"href":"https:\/\/sundar.be\/fr\/wp-json\/wp\/v2\/media?parent=43152"}],"wp:term":[{"taxonomy":"product_brand","embeddable":true,"href":"https:\/\/sundar.be\/fr\/wp-json\/wp\/v2\/product_brand?post=43152"},{"taxonomy":"product_cat","embeddable":true,"href":"https:\/\/sundar.be\/fr\/wp-json\/wp\/v2\/product_cat?post=43152"},{"taxonomy":"product_tag","embeddable":true,"href":"https:\/\/sundar.be\/fr\/wp-json\/wp\/v2\/product_tag?post=43152"}],"curies":[{"name":"wp","href":"https:\/\/api.w.org\/{rel}","templated":true}]}}