{"id":43145,"date":"2024-10-08T11:40:52","date_gmt":"2024-10-08T09:53:09","guid":{"rendered":"https:\/\/sundar.be\/product\/arcancil-paris-oohlala-eyeshadow-primer-10ml\/"},"modified":"2025-03-13T11:30:52","modified_gmt":"2025-03-13T10:30:52","slug":"arcancil-paris-oohlala-eyeshadow-primer-10ml","status":"publish","type":"product","link":"https:\/\/sundar.be\/fr\/produit\/arcancil-paris-oohlala-eyeshadow-primer-10ml\/","title":{"rendered":"Arcancil Paris Oohlala Eyeshadow Primer, 10ml"},"content":{"rendered":"<p id=\"tw-target-text\" class=\"tw-data-text tw-text-large tw-ta\" dir=\"ltr\" data-placeholder=\"Vertaling\"><span class=\"Y2IQFc\" lang=\"nl\">La texture ultra-cr\u00e8me fond sur la peau et laisse une paupi\u00e8re parfaitement unifi\u00e9e avant l&rsquo;application de l&rsquo;ombre \u00e0 paupi\u00e8res. <\/span><\/p>\n<p class=\"tw-data-text tw-text-large tw-ta\" dir=\"ltr\" data-placeholder=\"Vertaling\"><span class=\"Y2IQFc\" lang=\"nl\">Gr\u00e2ce \u00e0 sa pigmentation l\u00e9g\u00e8re, il minimise visiblement les imperfections et s&rsquo;adapte \u00e0 toutes les carnations. Sa formule permet de fixer l&rsquo;ombre \u00e0 paupi\u00e8res, d&rsquo;intensifier la couleur et d&rsquo;am\u00e9liorer sa durabilit\u00e9.  <\/span><\/p>\n<p class=\"tw-data-text tw-text-large tw-ta\" dir=\"ltr\" data-placeholder=\"Vertaling\"><span class=\"Y2IQFc\" lang=\"nl\"> Test\u00e9 sous contr\u00f4le ophtalmologique <\/span><\/p>\n<p class=\"tw-data-text tw-text-large tw-ta\" dir=\"ltr\" data-placeholder=\"Vertaling\"><span class=\"Y2IQFc\" lang=\"nl\">La formule est enrichie en vitamine E et en huile de tournesol, connues pour leurs propri\u00e9t\u00e9s hydratantes et antioxydantes. <\/span><\/p>\n<p class=\"tw-data-text tw-text-large tw-ta\" dir=\"ltr\" data-placeholder=\"Vertaling\"><span class=\"Y2IQFc\" lang=\"nl\">Le tube avec applicateur \u00e0 canule permet une application pr\u00e9cise et facile sur la paupi\u00e8re.<\/span><\/p>\n","protected":false},"excerpt":{"rendered":"<p>Primaire pour ombres \u00e0 paupi\u00e8res<\/p>\n","protected":false},"featured_media":43122,"comment_status":"open","ping_status":"closed","template":"","meta":{"_acf_changed":false},"product_brand":[],"product_cat":[1461,4468],"product_tag":[],"class_list":{"0":"post-43145","1":"product","2":"type-product","3":"status-publish","4":"has-post-thumbnail","6":"product_cat-maquillage","7":"product_cat-maquillage-yeux","9":"first","10":"instock","11":"taxable","12":"shipping-taxable","13":"product-type-simple"},"acf":[],"_links":{"self":[{"href":"https:\/\/sundar.be\/fr\/wp-json\/wp\/v2\/product\/43145","targetHints":{"allow":["GET"]}}],"collection":[{"href":"https:\/\/sundar.be\/fr\/wp-json\/wp\/v2\/product"}],"about":[{"href":"https:\/\/sundar.be\/fr\/wp-json\/wp\/v2\/types\/product"}],"replies":[{"embeddable":true,"href":"https:\/\/sundar.be\/fr\/wp-json\/wp\/v2\/comments?post=43145"}],"wp:featuredmedia":[{"embeddable":true,"href":"https:\/\/sundar.be\/fr\/wp-json\/wp\/v2\/media\/43122"}],"wp:attachment":[{"href":"https:\/\/sundar.be\/fr\/wp-json\/wp\/v2\/media?parent=43145"}],"wp:term":[{"taxonomy":"product_brand","embeddable":true,"href":"https:\/\/sundar.be\/fr\/wp-json\/wp\/v2\/product_brand?post=43145"},{"taxonomy":"product_cat","embeddable":true,"href":"https:\/\/sundar.be\/fr\/wp-json\/wp\/v2\/product_cat?post=43145"},{"taxonomy":"product_tag","embeddable":true,"href":"https:\/\/sundar.be\/fr\/wp-json\/wp\/v2\/product_tag?post=43145"}],"curies":[{"name":"wp","href":"https:\/\/api.w.org\/{rel}","templated":true}]}}