{"id":43139,"date":"2024-10-08T11:36:38","date_gmt":"2024-10-08T09:36:38","guid":{"rendered":"https:\/\/sundar.be\/product\/arcancil-paris-oohlala-eyeshadow-palette-6g\/"},"modified":"2025-08-04T13:47:38","modified_gmt":"2025-08-04T11:47:38","slug":"arcancil-paris-oohlala-eyeshadow-palette-6g","status":"publish","type":"product","link":"https:\/\/sundar.be\/fr\/produit\/arcancil-paris-oohlala-eyeshadow-palette-6g\/","title":{"rendered":"Arcancil Paris Oohlala Eyeshadow Palette, 6g"},"content":{"rendered":"<p>La formule incroyablement couvrante colore la paupi\u00e8re d&rsquo;une couleur intense en un seul passage. La texture facile \u00e0 appliquer permet d&rsquo;ajuster la couvrance pour un look naturel ou sophistiqu\u00e9. La formule ultra-fine est longue tenue dans toutes les teintes nacr\u00e9es et mates.  <\/p>\n","protected":false},"excerpt":{"rendered":"<p>Palette d&rsquo;ombres \u00e0 paupi\u00e8res<\/p>\n","protected":false},"featured_media":43110,"comment_status":"open","ping_status":"closed","template":"","meta":{"_acf_changed":false},"product_brand":[],"product_cat":[1461,4468],"product_tag":[],"class_list":{"0":"post-43139","1":"product","2":"type-product","3":"status-publish","4":"has-post-thumbnail","6":"product_cat-maquillage","7":"product_cat-maquillage-yeux","8":"pa_kleur-001-precious-nudes","9":"pa_kleur-002-wild-sienna","10":"pa_kleur-003-free-bohemian","12":"first","13":"instock","14":"taxable","15":"shipping-taxable","16":"product-type-variable"},"acf":[],"_links":{"self":[{"href":"https:\/\/sundar.be\/fr\/wp-json\/wp\/v2\/product\/43139","targetHints":{"allow":["GET"]}}],"collection":[{"href":"https:\/\/sundar.be\/fr\/wp-json\/wp\/v2\/product"}],"about":[{"href":"https:\/\/sundar.be\/fr\/wp-json\/wp\/v2\/types\/product"}],"replies":[{"embeddable":true,"href":"https:\/\/sundar.be\/fr\/wp-json\/wp\/v2\/comments?post=43139"}],"wp:featuredmedia":[{"embeddable":true,"href":"https:\/\/sundar.be\/fr\/wp-json\/wp\/v2\/media\/43110"}],"wp:attachment":[{"href":"https:\/\/sundar.be\/fr\/wp-json\/wp\/v2\/media?parent=43139"}],"wp:term":[{"taxonomy":"product_brand","embeddable":true,"href":"https:\/\/sundar.be\/fr\/wp-json\/wp\/v2\/product_brand?post=43139"},{"taxonomy":"product_cat","embeddable":true,"href":"https:\/\/sundar.be\/fr\/wp-json\/wp\/v2\/product_cat?post=43139"},{"taxonomy":"product_tag","embeddable":true,"href":"https:\/\/sundar.be\/fr\/wp-json\/wp\/v2\/product_tag?post=43139"}],"curies":[{"name":"wp","href":"https:\/\/api.w.org\/{rel}","templated":true}]}}