{"id":43116,"date":"2024-10-08T11:29:06","date_gmt":"2024-10-08T09:37:25","guid":{"rendered":"https:\/\/sundar.be\/product\/arcancil-paris-oh-my-maxi-blush-4g\/"},"modified":"2025-03-13T11:31:18","modified_gmt":"2025-03-13T10:31:18","slug":"arcancil-paris-oh-my-maxi-blush-4g","status":"publish","type":"product","link":"https:\/\/sundar.be\/fr\/produit\/arcancil-paris-oh-my-maxi-blush-4g\/","title":{"rendered":"Arcancil Paris Oh My Maxi Blush, 4g"},"content":{"rendered":"<p>Le nouveau Blusher maxi-format illumine le teint, le voile gris dispara\u00eet. Sa texture poudr\u00e9e et son pinceau applicateur souple d\u00e9posent une touche de poudre soyeuse subtilement color\u00e9e pour rehausser naturellement le teint et diffuser instantan\u00e9ment sa d\u00e9licate fragrance florale. <\/p>\n","protected":false},"excerpt":{"rendered":"<p>Fard \u00e0 joues au parfum floral<\/p>\n","protected":false},"featured_media":43086,"comment_status":"open","ping_status":"closed","template":"","meta":{"_acf_changed":false},"product_brand":[],"product_cat":[4489,1461],"product_tag":[],"class_list":{"0":"post-43116","1":"product","2":"type-product","3":"status-publish","4":"has-post-thumbnail","6":"product_cat-maquillage-blush-bronzage","7":"product_cat-maquillage","8":"pa_kleur-003-melle-friponne","9":"pa_kleur-007-coquette-brunette","11":"first","12":"instock","13":"taxable","14":"shipping-taxable","15":"product-type-variable"},"acf":[],"_links":{"self":[{"href":"https:\/\/sundar.be\/fr\/wp-json\/wp\/v2\/product\/43116","targetHints":{"allow":["GET"]}}],"collection":[{"href":"https:\/\/sundar.be\/fr\/wp-json\/wp\/v2\/product"}],"about":[{"href":"https:\/\/sundar.be\/fr\/wp-json\/wp\/v2\/types\/product"}],"replies":[{"embeddable":true,"href":"https:\/\/sundar.be\/fr\/wp-json\/wp\/v2\/comments?post=43116"}],"wp:featuredmedia":[{"embeddable":true,"href":"https:\/\/sundar.be\/fr\/wp-json\/wp\/v2\/media\/43086"}],"wp:attachment":[{"href":"https:\/\/sundar.be\/fr\/wp-json\/wp\/v2\/media?parent=43116"}],"wp:term":[{"taxonomy":"product_brand","embeddable":true,"href":"https:\/\/sundar.be\/fr\/wp-json\/wp\/v2\/product_brand?post=43116"},{"taxonomy":"product_cat","embeddable":true,"href":"https:\/\/sundar.be\/fr\/wp-json\/wp\/v2\/product_cat?post=43116"},{"taxonomy":"product_tag","embeddable":true,"href":"https:\/\/sundar.be\/fr\/wp-json\/wp\/v2\/product_tag?post=43116"}],"curies":[{"name":"wp","href":"https:\/\/api.w.org\/{rel}","templated":true}]}}