{"id":43071,"date":"2024-10-08T10:17:53","date_gmt":"2024-10-08T08:17:53","guid":{"rendered":"https:\/\/sundar.be\/product\/arcancil-paris-mat-hysteria-liquid-lipstick-6-5ml\/"},"modified":"2025-03-13T11:31:18","modified_gmt":"2025-03-13T10:31:18","slug":"arcancil-paris-mat-hysteria-liquid-lipstick-6-5ml","status":"publish","type":"product","link":"https:\/\/sundar.be\/fr\/produit\/arcancil-paris-mat-hysteria-liquid-lipstick-6-5ml\/","title":{"rendered":"Arcancil Paris Mat Hysteria Liquid Lipstick, 6.5ml"},"content":{"rendered":"<p id=\"tw-target-text\" class=\"tw-data-text tw-text-large tw-ta\" dir=\"ltr\" data-placeholder=\"Vertaling\"><span class=\"Y2IQFc\" lang=\"nl\">Combinez une finition mate et une durabilit\u00e9 imbattable en un seul coup avec le MAT HYSTERIA.<\/span><\/p>\n<p dir=\"ltr\" data-placeholder=\"Vertaling\">Cette texture nouvelle g\u00e9n\u00e9ration est incroyablement douce et glisse en douceur sur les l\u00e8vres.<\/p>\n<p>Une fois fix\u00e9e, la formule se transforme en un film mat et velout\u00e9 pour un r\u00e9sultat velout\u00e9 intense.<\/p>\n<p>&nbsp;<\/p>\n","protected":false},"excerpt":{"rendered":"<p>Rouge \u00e0 l\u00e8vres liquide mat<\/p>\n","protected":false},"featured_media":43054,"comment_status":"open","ping_status":"closed","template":"","meta":{"_acf_changed":false},"product_brand":[],"product_cat":[4469,1461],"product_tag":[],"class_list":{"0":"post-43071","1":"product","2":"type-product","3":"status-publish","4":"has-post-thumbnail","6":"product_cat-maquillage-levres","7":"product_cat-maquillage","8":"pa_kleur-200-corail-samba","9":"pa_kleur-240-corail-rose-disco","10":"pa_kleur-305-nude-ballerine","11":"pa_kleur-335-fuchsia-cha-cha","12":"pa_kleur-337-hula-fuchsia","13":"pa_kleur-365-bois-de-rose-ballet","14":"pa_kleur-372-rose-baroque","15":"pa_kleur-386-prune-polka","16":"pa_kleur-515-brun-twist","17":"pa_kleur-518-brun-country","18":"pa_kleur-550-brun-capoeira","20":"first","21":"instock","22":"taxable","23":"shipping-taxable","24":"product-type-variable"},"acf":[],"_links":{"self":[{"href":"https:\/\/sundar.be\/fr\/wp-json\/wp\/v2\/product\/43071","targetHints":{"allow":["GET"]}}],"collection":[{"href":"https:\/\/sundar.be\/fr\/wp-json\/wp\/v2\/product"}],"about":[{"href":"https:\/\/sundar.be\/fr\/wp-json\/wp\/v2\/types\/product"}],"replies":[{"embeddable":true,"href":"https:\/\/sundar.be\/fr\/wp-json\/wp\/v2\/comments?post=43071"}],"wp:featuredmedia":[{"embeddable":true,"href":"https:\/\/sundar.be\/fr\/wp-json\/wp\/v2\/media\/43054"}],"wp:attachment":[{"href":"https:\/\/sundar.be\/fr\/wp-json\/wp\/v2\/media?parent=43071"}],"wp:term":[{"taxonomy":"product_brand","embeddable":true,"href":"https:\/\/sundar.be\/fr\/wp-json\/wp\/v2\/product_brand?post=43071"},{"taxonomy":"product_cat","embeddable":true,"href":"https:\/\/sundar.be\/fr\/wp-json\/wp\/v2\/product_cat?post=43071"},{"taxonomy":"product_tag","embeddable":true,"href":"https:\/\/sundar.be\/fr\/wp-json\/wp\/v2\/product_tag?post=43071"}],"curies":[{"name":"wp","href":"https:\/\/api.w.org\/{rel}","templated":true}]}}