{"id":43066,"date":"2024-10-08T09:43:33","date_gmt":"2024-10-08T07:43:33","guid":{"rendered":"https:\/\/sundar.be\/product\/arcancil-paris-lip-liner-tattoo-7-5ml\/"},"modified":"2025-03-13T11:32:13","modified_gmt":"2025-03-13T10:32:13","slug":"arcancil-paris-lip-liner-tattoo-7-5ml","status":"publish","type":"product","link":"https:\/\/sundar.be\/fr\/produit\/arcancil-paris-lip-liner-tattoo-7-5ml\/","title":{"rendered":"Arcancil Paris Lip Liner Tattoo, 7.5ml"},"content":{"rendered":"<p>Ce Lip Liner Tattoo waterproof est une r\u00e9volution pour les l\u00e8vres ! Gr\u00e2ce \u00e0 sa formule semi-permanente, ce crayon contour tient pendant 24 heures, sans bavure ni d\u00e9coloration. Il est facile \u00e0 appliquer et ne s\u00e9che pas les contours des l\u00e8vres gr\u00e2ce \u00e0 sa formule enrichie en vitamine E et camomille.  <\/p>\n<p><strong>Astuce maquillage :<\/strong> Il peut \u00eatre utilis\u00e9 pour d\u00e9finir et corriger la forme des l\u00e8vres, tout en emp\u00eachant les rouges \u00e0 l\u00e8vres et gloss de filer. Il peut \u00e9galement \u00eatre appliqu\u00e9 comme base sur le contour pour am\u00e9liorer la tenue du rouge \u00e0 l\u00e8vres et\/ou du gloss. <\/p>\n","protected":false},"excerpt":{"rendered":"<p>Lip Liner<\/p>\n","protected":false},"featured_media":43010,"comment_status":"open","ping_status":"closed","template":"","meta":{"_acf_changed":false},"product_brand":[],"product_cat":[4469,1461],"product_tag":[],"class_list":{"0":"post-43066","1":"product","2":"type-product","3":"status-publish","4":"has-post-thumbnail","6":"product_cat-maquillage-levres","7":"product_cat-maquillage","8":"pa_kleur-200-bambou","9":"pa_kleur-300-bois-de-rose","10":"pa_kleur-500-prune","11":"pa_kleur-700-corail","13":"first","14":"instock","15":"taxable","16":"shipping-taxable","17":"product-type-variable"},"acf":[],"_links":{"self":[{"href":"https:\/\/sundar.be\/fr\/wp-json\/wp\/v2\/product\/43066","targetHints":{"allow":["GET"]}}],"collection":[{"href":"https:\/\/sundar.be\/fr\/wp-json\/wp\/v2\/product"}],"about":[{"href":"https:\/\/sundar.be\/fr\/wp-json\/wp\/v2\/types\/product"}],"replies":[{"embeddable":true,"href":"https:\/\/sundar.be\/fr\/wp-json\/wp\/v2\/comments?post=43066"}],"wp:featuredmedia":[{"embeddable":true,"href":"https:\/\/sundar.be\/fr\/wp-json\/wp\/v2\/media\/43010"}],"wp:attachment":[{"href":"https:\/\/sundar.be\/fr\/wp-json\/wp\/v2\/media?parent=43066"}],"wp:term":[{"taxonomy":"product_brand","embeddable":true,"href":"https:\/\/sundar.be\/fr\/wp-json\/wp\/v2\/product_brand?post=43066"},{"taxonomy":"product_cat","embeddable":true,"href":"https:\/\/sundar.be\/fr\/wp-json\/wp\/v2\/product_cat?post=43066"},{"taxonomy":"product_tag","embeddable":true,"href":"https:\/\/sundar.be\/fr\/wp-json\/wp\/v2\/product_tag?post=43066"}],"curies":[{"name":"wp","href":"https:\/\/api.w.org\/{rel}","templated":true}]}}