{"id":43055,"date":"2024-10-08T09:35:42","date_gmt":"2024-10-08T08:18:14","guid":{"rendered":"https:\/\/sundar.be\/product\/arcancil-paris-lip-liner-1-1g\/"},"modified":"2025-03-13T11:32:14","modified_gmt":"2025-03-13T10:32:14","slug":"arcancil-paris-lip-liner-1-1g","status":"publish","type":"product","link":"https:\/\/sundar.be\/fr\/produit\/arcancil-paris-lip-liner-1-1g\/","title":{"rendered":"Arcancil Paris Lip Liner, 1.1g"},"content":{"rendered":"<p>Ce crayon dessine un contour des l\u00e8vres net et pr\u00e9cis gr\u00e2ce \u00e0 sa mine douce et cr\u00e9meuse. Gr\u00e2ce \u00e0 sa formule enrichie en cires naturelles, huile de jojoba et vitamine E, il est non seulement durable mais emp\u00eache le rouge \u00e0 l\u00e8vres de filer sans dess\u00e9cher le contour des l\u00e8vres. <\/p>\n<p>&nbsp;<\/p>\n","protected":false},"excerpt":{"rendered":"<p>Lipliner<\/p>\n","protected":false},"featured_media":42978,"comment_status":"open","ping_status":"closed","template":"","meta":{"_acf_changed":false},"product_brand":[],"product_cat":[4469,1461],"product_tag":[],"class_list":{"0":"post-43055","1":"product","2":"type-product","3":"status-publish","4":"has-post-thumbnail","6":"product_cat-maquillage-levres","7":"product_cat-maquillage","8":"pa_kleur-100-chocolat","9":"pa_kleur-110-bambou","10":"pa_kleur-200-prune","11":"pa_kleur-210-figue","12":"pa_kleur-220-porto","13":"pa_kleur-300-bouton-de-rose","14":"pa_kleur-310-bois-de-rose","15":"pa_kleur-320-brun-rose","16":"pa_kleur-500-carmin","17":"pa_kleur-610-seconde-peau","19":"first","20":"instock","21":"taxable","22":"shipping-taxable","23":"product-type-variable"},"acf":[],"_links":{"self":[{"href":"https:\/\/sundar.be\/fr\/wp-json\/wp\/v2\/product\/43055","targetHints":{"allow":["GET"]}}],"collection":[{"href":"https:\/\/sundar.be\/fr\/wp-json\/wp\/v2\/product"}],"about":[{"href":"https:\/\/sundar.be\/fr\/wp-json\/wp\/v2\/types\/product"}],"replies":[{"embeddable":true,"href":"https:\/\/sundar.be\/fr\/wp-json\/wp\/v2\/comments?post=43055"}],"wp:featuredmedia":[{"embeddable":true,"href":"https:\/\/sundar.be\/fr\/wp-json\/wp\/v2\/media\/42978"}],"wp:attachment":[{"href":"https:\/\/sundar.be\/fr\/wp-json\/wp\/v2\/media?parent=43055"}],"wp:term":[{"taxonomy":"product_brand","embeddable":true,"href":"https:\/\/sundar.be\/fr\/wp-json\/wp\/v2\/product_brand?post=43055"},{"taxonomy":"product_cat","embeddable":true,"href":"https:\/\/sundar.be\/fr\/wp-json\/wp\/v2\/product_cat?post=43055"},{"taxonomy":"product_tag","embeddable":true,"href":"https:\/\/sundar.be\/fr\/wp-json\/wp\/v2\/product_tag?post=43055"}],"curies":[{"name":"wp","href":"https:\/\/api.w.org\/{rel}","templated":true}]}}