{"id":42988,"date":"2024-10-08T09:13:29","date_gmt":"2024-10-08T07:13:29","guid":{"rendered":"https:\/\/sundar.be\/product\/arcancil-paris-ideal-sourcils-eyebrow-pencil-1-3g\/"},"modified":"2025-08-04T13:48:15","modified_gmt":"2025-08-04T11:48:15","slug":"arcancil-paris-ideal-sourcils-eyebrow-pencil-1-3g","status":"publish","type":"product","link":"https:\/\/sundar.be\/fr\/produit\/arcancil-paris-ideal-sourcils-eyebrow-pencil-1-3g\/","title":{"rendered":"Arcancil Paris Id\u00e9al Sourcils Eyebrow Pencil, 1.3g"},"content":{"rendered":"<p>Une grande et compl\u00e8te gamme de teintes pour toutes les couleurs de sourcils.<\/p>\n<p>ID\u00c9AL SOURCILS peigne d&rsquo;abord les sourcils avec la brosse sur le bouchon, puis leur donne forme avec la formule fortement pigment\u00e9e.<\/p>\n<p>Ce crayon \u00e9paissit les sourcils sans ass\u00e9cher la peau. Il peut \u00eatre estomp\u00e9 selon vos pr\u00e9f\u00e9rences pour donner du volume et de la corps aux sourcils et restructurer le visage. <\/p>\n<p>Pour un effet longue dur\u00e9e.<\/p>\n","protected":false},"excerpt":{"rendered":"<p>Crayon \u00e0 Sourcils<\/p>\n","protected":false},"featured_media":42946,"comment_status":"open","ping_status":"closed","template":"","meta":{"_acf_changed":false},"product_brand":[],"product_cat":[4767,1461,4468],"product_tag":[],"class_list":{"0":"post-42988","1":"product","2":"type-product","3":"status-publish","4":"has-post-thumbnail","6":"product_cat-beaute","7":"product_cat-maquillage","8":"product_cat-maquillage-yeux","9":"pa_kleur-100-noir","10":"pa_kleur-200-brun","11":"pa_kleur-220-brunette-2","12":"pa_kleur-280-brun-taupe","13":"pa_kleur-310-blond-fonce","14":"pa_kleur-320-blond-nude","15":"pa_kleur-400-cendre","17":"first","18":"instock","19":"taxable","20":"shipping-taxable","21":"product-type-variable"},"acf":[],"_links":{"self":[{"href":"https:\/\/sundar.be\/fr\/wp-json\/wp\/v2\/product\/42988","targetHints":{"allow":["GET"]}}],"collection":[{"href":"https:\/\/sundar.be\/fr\/wp-json\/wp\/v2\/product"}],"about":[{"href":"https:\/\/sundar.be\/fr\/wp-json\/wp\/v2\/types\/product"}],"replies":[{"embeddable":true,"href":"https:\/\/sundar.be\/fr\/wp-json\/wp\/v2\/comments?post=42988"}],"wp:featuredmedia":[{"embeddable":true,"href":"https:\/\/sundar.be\/fr\/wp-json\/wp\/v2\/media\/42946"}],"wp:attachment":[{"href":"https:\/\/sundar.be\/fr\/wp-json\/wp\/v2\/media?parent=42988"}],"wp:term":[{"taxonomy":"product_brand","embeddable":true,"href":"https:\/\/sundar.be\/fr\/wp-json\/wp\/v2\/product_brand?post=42988"},{"taxonomy":"product_cat","embeddable":true,"href":"https:\/\/sundar.be\/fr\/wp-json\/wp\/v2\/product_cat?post=42988"},{"taxonomy":"product_tag","embeddable":true,"href":"https:\/\/sundar.be\/fr\/wp-json\/wp\/v2\/product_tag?post=42988"}],"curies":[{"name":"wp","href":"https:\/\/api.w.org\/{rel}","templated":true}]}}