{"id":42942,"date":"2024-10-08T08:55:52","date_gmt":"2024-10-08T07:03:31","guid":{"rendered":"https:\/\/sundar.be\/product\/arcancil-paris-waterproof-eyeliner-3ml\/"},"modified":"2025-03-13T11:35:43","modified_gmt":"2025-03-13T10:35:43","slug":"arcancil-paris-waterproof-eyeliner-3ml","status":"publish","type":"product","link":"https:\/\/sundar.be\/fr\/produit\/arcancil-paris-waterproof-eyeliner-3ml\/","title":{"rendered":"Arcancil Paris Waterproof Eyeliner, 3ml"},"content":{"rendered":"<h4>Flash Liner &#8211; Vert Op\u00e9ra<\/h4>\n<p>La formule sans parfum et r\u00e9sistante \u00e0 l&rsquo;eau permet \u00e0 l&rsquo;eyeliner de tenir tr\u00e8s longtemps sans dess\u00e9cher la paupi\u00e8re. Votre regard reste profond\u00e9ment intense en toutes circonstances ! L&#8217;embout mousse ultra-fin assure une grande pr\u00e9cision et une application uniforme pour un maquillage impeccable.  <\/p>\n","protected":false},"excerpt":{"rendered":"<p>Eye-liner vert imperm\u00e9able<\/p>\n","protected":false},"featured_media":42927,"comment_status":"open","ping_status":"closed","template":"","meta":{"_acf_changed":false},"product_brand":[],"product_cat":[1461,4468],"product_tag":[],"class_list":{"0":"post-42942","1":"product","2":"type-product","3":"status-publish","4":"has-post-thumbnail","6":"product_cat-maquillage","7":"product_cat-maquillage-yeux","9":"first","10":"instock","11":"taxable","12":"shipping-taxable","13":"product-type-simple"},"acf":[],"_links":{"self":[{"href":"https:\/\/sundar.be\/fr\/wp-json\/wp\/v2\/product\/42942","targetHints":{"allow":["GET"]}}],"collection":[{"href":"https:\/\/sundar.be\/fr\/wp-json\/wp\/v2\/product"}],"about":[{"href":"https:\/\/sundar.be\/fr\/wp-json\/wp\/v2\/types\/product"}],"replies":[{"embeddable":true,"href":"https:\/\/sundar.be\/fr\/wp-json\/wp\/v2\/comments?post=42942"}],"wp:featuredmedia":[{"embeddable":true,"href":"https:\/\/sundar.be\/fr\/wp-json\/wp\/v2\/media\/42927"}],"wp:attachment":[{"href":"https:\/\/sundar.be\/fr\/wp-json\/wp\/v2\/media?parent=42942"}],"wp:term":[{"taxonomy":"product_brand","embeddable":true,"href":"https:\/\/sundar.be\/fr\/wp-json\/wp\/v2\/product_brand?post=42942"},{"taxonomy":"product_cat","embeddable":true,"href":"https:\/\/sundar.be\/fr\/wp-json\/wp\/v2\/product_cat?post=42942"},{"taxonomy":"product_tag","embeddable":true,"href":"https:\/\/sundar.be\/fr\/wp-json\/wp\/v2\/product_tag?post=42942"}],"curies":[{"name":"wp","href":"https:\/\/api.w.org\/{rel}","templated":true}]}}