{"id":42928,"date":"2024-10-08T08:51:18","date_gmt":"2024-10-08T06:51:18","guid":{"rendered":"https:\/\/sundar.be\/product\/arcancil-dry-brow-kit\/"},"modified":"2025-08-04T13:47:32","modified_gmt":"2025-08-04T11:47:32","slug":"arcancil-dry-brow-kit","status":"publish","type":"product","link":"https:\/\/sundar.be\/fr\/produit\/arcancil-dry-brow-kit\/","title":{"rendered":"Arcancil Dry Brow Kit"},"content":{"rendered":"<p>Un set complet pour structurer parfaitement vos sourcils et donner de l&rsquo;intensit\u00e9 \u00e0 votre regard : une cire teint\u00e9e pour dessiner et fixer les sourcils. Une poudre color\u00e9e pour combler les creux, structurer et intensifier la couleur des sourcils. Un applicateur \u00e0 deux extr\u00e9mit\u00e9s (goupillon et brosse) et un miroir int\u00e9gr\u00e9.  <\/p>\n","protected":false},"excerpt":{"rendered":"<p>Un set complet pour structurer parfaitement vos sourcils et donner de l&rsquo;intensit\u00e9 \u00e0 votre regard.<\/p>\n","protected":false},"featured_media":42924,"comment_status":"open","ping_status":"closed","template":"","meta":{"_acf_changed":false},"product_brand":[],"product_cat":[4767,1461,4468],"product_tag":[],"class_list":{"0":"post-42928","1":"product","2":"type-product","3":"status-publish","4":"has-post-thumbnail","6":"product_cat-beaute","7":"product_cat-maquillage","8":"product_cat-maquillage-yeux","9":"pa_kleur-blond-fonce","10":"pa_kleur-brun","12":"first","13":"instock","14":"taxable","15":"shipping-taxable","16":"product-type-variable"},"acf":[],"_links":{"self":[{"href":"https:\/\/sundar.be\/fr\/wp-json\/wp\/v2\/product\/42928","targetHints":{"allow":["GET"]}}],"collection":[{"href":"https:\/\/sundar.be\/fr\/wp-json\/wp\/v2\/product"}],"about":[{"href":"https:\/\/sundar.be\/fr\/wp-json\/wp\/v2\/types\/product"}],"replies":[{"embeddable":true,"href":"https:\/\/sundar.be\/fr\/wp-json\/wp\/v2\/comments?post=42928"}],"wp:featuredmedia":[{"embeddable":true,"href":"https:\/\/sundar.be\/fr\/wp-json\/wp\/v2\/media\/42924"}],"wp:attachment":[{"href":"https:\/\/sundar.be\/fr\/wp-json\/wp\/v2\/media?parent=42928"}],"wp:term":[{"taxonomy":"product_brand","embeddable":true,"href":"https:\/\/sundar.be\/fr\/wp-json\/wp\/v2\/product_brand?post=42928"},{"taxonomy":"product_cat","embeddable":true,"href":"https:\/\/sundar.be\/fr\/wp-json\/wp\/v2\/product_cat?post=42928"},{"taxonomy":"product_tag","embeddable":true,"href":"https:\/\/sundar.be\/fr\/wp-json\/wp\/v2\/product_tag?post=42928"}],"curies":[{"name":"wp","href":"https:\/\/api.w.org\/{rel}","templated":true}]}}