{"id":42868,"date":"2024-10-07T17:58:50","date_gmt":"2024-10-07T16:00:10","guid":{"rendered":"https:\/\/sundar.be\/product\/arcancil-cover-match-concealer-25g\/"},"modified":"2025-03-13T11:35:40","modified_gmt":"2025-03-13T10:35:40","slug":"arcancil-cover-match-concealer-25g","status":"publish","type":"product","link":"https:\/\/sundar.be\/fr\/produit\/arcancil-cover-match-concealer-25g\/","title":{"rendered":"Arcancil Cover Match Concealer, 2,5g"},"content":{"rendered":"<p>Facile \u00e0 appliquer, ce stick correcteur combine 3 r\u00e9sultats \u00e0 lui seul :<\/p>\n<ul>\n<li>R\u00e9sistant \u00e0 l&rsquo;eau<\/li>\n<li>Anti-cernes : formule \u00e0 la couvrance mate parfaite, enrichie en vitamine E et en antioxydants pour maintenir l&rsquo;hydratation de la peau.<\/li>\n<li>Anti-imperfections : enrichi en agents s\u00e9bor\u00e9gulateurs pour matifier et couvrir toutes les imperfections de la peau.<\/li>\n<\/ul>\n<p>N\u00b0 001 peut \u00eatre appliqu\u00e9 sur la paupi\u00e8re, le nez et les coins de la bouche pour cacher les petits d\u00e9fauts d&rsquo;un teint clair.<\/p>\n","protected":false},"excerpt":{"rendered":"<p>Concealer<\/p>\n","protected":false},"featured_media":42867,"comment_status":"open","ping_status":"closed","template":"","meta":{"_acf_changed":false},"product_brand":[],"product_cat":[1461,4468],"product_tag":[],"class_list":{"0":"post-42868","1":"product","2":"type-product","3":"status-publish","4":"has-post-thumbnail","6":"product_cat-maquillage","7":"product_cat-maquillage-yeux","8":"pa_kleur-100-clair","9":"pa_kleur-200-moyen","10":"pa_kleur-300-fonce","11":"pa_kleur-400-beige-caramel","13":"first","14":"instock","15":"taxable","16":"shipping-taxable","17":"product-type-variable"},"acf":[],"_links":{"self":[{"href":"https:\/\/sundar.be\/fr\/wp-json\/wp\/v2\/product\/42868","targetHints":{"allow":["GET"]}}],"collection":[{"href":"https:\/\/sundar.be\/fr\/wp-json\/wp\/v2\/product"}],"about":[{"href":"https:\/\/sundar.be\/fr\/wp-json\/wp\/v2\/types\/product"}],"replies":[{"embeddable":true,"href":"https:\/\/sundar.be\/fr\/wp-json\/wp\/v2\/comments?post=42868"}],"wp:featuredmedia":[{"embeddable":true,"href":"https:\/\/sundar.be\/fr\/wp-json\/wp\/v2\/media\/42867"}],"wp:attachment":[{"href":"https:\/\/sundar.be\/fr\/wp-json\/wp\/v2\/media?parent=42868"}],"wp:term":[{"taxonomy":"product_brand","embeddable":true,"href":"https:\/\/sundar.be\/fr\/wp-json\/wp\/v2\/product_brand?post=42868"},{"taxonomy":"product_cat","embeddable":true,"href":"https:\/\/sundar.be\/fr\/wp-json\/wp\/v2\/product_cat?post=42868"},{"taxonomy":"product_tag","embeddable":true,"href":"https:\/\/sundar.be\/fr\/wp-json\/wp\/v2\/product_tag?post=42868"}],"curies":[{"name":"wp","href":"https:\/\/api.w.org\/{rel}","templated":true}]}}