{"id":42852,"date":"2024-10-04T11:47:59","date_gmt":"2024-10-04T09:47:59","guid":{"rendered":"https:\/\/sundar.be\/product\/epilmatic\/"},"modified":"2025-08-04T13:48:12","modified_gmt":"2025-08-04T11:48:12","slug":"epilmatic","status":"publish","type":"product","link":"https:\/\/sundar.be\/fr\/produit\/epilmatic\/","title":{"rendered":"Epilmatic"},"content":{"rendered":"<p>La pince \u00e0 \u00e9piler automatique Epilmatic est la norme en mati\u00e8re de soins de beaut\u00e9 depuis de nombreuses d\u00e9cennies. Depuis son introduction dans les ann\u00e9es 1960, des millions d&rsquo;unit\u00e9s ont trouv\u00e9 leur place dans les salons de beaut\u00e9 et les cours de formation. \u00c0 la fin des ann\u00e9es 1990, m\u00eame les consommateurs ont commenc\u00e9 \u00e0 d\u00e9couvrir ces pinces professionnelles. En raison de son succ\u00e8s, plusieurs fabricants ont tent\u00e9 d&rsquo;imiter l&rsquo;Epilmatic. En vain, car l&rsquo;Epilmatic original reste la r\u00e9f\u00e9rence pour les professionnels.    <\/p>\n","protected":false},"excerpt":{"rendered":"<p>La pince \u00e0 \u00e9piler automatique Epilmatic est la norme en mati\u00e8re de soins de beaut\u00e9 depuis de nombreuses d\u00e9cennies. Depuis son introduction dans les ann\u00e9es 1960, des millions d&rsquo;unit\u00e9s ont trouv\u00e9 leur place dans les salons de beaut\u00e9 et les cours de formation. \u00c0 la fin des ann\u00e9es 1990, m\u00eame les consommateurs ont commenc\u00e9 \u00e0 [&hellip;]<\/p>\n","protected":false},"featured_media":42709,"comment_status":"open","ping_status":"closed","template":"","meta":{"_acf_changed":false},"product_brand":[],"product_cat":[4767,4446,1584,5732,5791],"product_tag":[],"class_list":{"0":"post-42852","1":"product","2":"type-product","3":"status-publish","4":"has-post-thumbnail","6":"product_cat-beaute","7":"product_cat-cils-sourcils","8":"product_cat-depilation","9":"product_cat-pince-a-epiler","10":"product_cat-cils-pinces","12":"first","13":"instock","14":"taxable","15":"shipping-taxable","16":"product-type-simple"},"acf":[],"_links":{"self":[{"href":"https:\/\/sundar.be\/fr\/wp-json\/wp\/v2\/product\/42852","targetHints":{"allow":["GET"]}}],"collection":[{"href":"https:\/\/sundar.be\/fr\/wp-json\/wp\/v2\/product"}],"about":[{"href":"https:\/\/sundar.be\/fr\/wp-json\/wp\/v2\/types\/product"}],"replies":[{"embeddable":true,"href":"https:\/\/sundar.be\/fr\/wp-json\/wp\/v2\/comments?post=42852"}],"wp:featuredmedia":[{"embeddable":true,"href":"https:\/\/sundar.be\/fr\/wp-json\/wp\/v2\/media\/42709"}],"wp:attachment":[{"href":"https:\/\/sundar.be\/fr\/wp-json\/wp\/v2\/media?parent=42852"}],"wp:term":[{"taxonomy":"product_brand","embeddable":true,"href":"https:\/\/sundar.be\/fr\/wp-json\/wp\/v2\/product_brand?post=42852"},{"taxonomy":"product_cat","embeddable":true,"href":"https:\/\/sundar.be\/fr\/wp-json\/wp\/v2\/product_cat?post=42852"},{"taxonomy":"product_tag","embeddable":true,"href":"https:\/\/sundar.be\/fr\/wp-json\/wp\/v2\/product_tag?post=42852"}],"curies":[{"name":"wp","href":"https:\/\/api.w.org\/{rel}","templated":true}]}}