{"id":42843,"date":"2024-10-04T13:14:34","date_gmt":"2024-10-04T11:18:09","guid":{"rendered":"https:\/\/sundar.be\/product\/arcancil-paris-mattifying-compact-powder-8-5g\/"},"modified":"2025-03-13T11:35:54","modified_gmt":"2025-03-13T10:35:54","slug":"arcancil-paris-mattifying-compact-powder-8-5g","status":"publish","type":"product","link":"https:\/\/sundar.be\/fr\/produit\/arcancil-paris-mattifying-compact-powder-8-5g\/","title":{"rendered":"Arcancil Paris Mattifying Compact Powder, 8.5g"},"content":{"rendered":"<p>La poudre Cover Match a des effets anti-\u00e2ge et antioxydants sur la peau et offre une l\u00e9g\u00e8re protection solaire (SPF 15). Le pack comprend \u00e9galement une \u00e9ponge et un miroir pour une application discr\u00e8te \u00e0 tout moment ! <\/p>\n","protected":false},"excerpt":{"rendered":"<p>Compact Cover Match Powder, est une poudre compacte cr\u00e9meuse : une poudre tr\u00e8s couvrante, de longue dur\u00e9e mais ultrafine pour un rendu parfait et uniforme de la couleur.<\/p>\n","protected":false},"featured_media":42838,"comment_status":"open","ping_status":"closed","template":"","meta":{"_acf_changed":false},"product_brand":[],"product_cat":[4489,1461],"product_tag":[],"class_list":{"0":"post-42843","1":"product","2":"type-product","3":"status-publish","4":"has-post-thumbnail","6":"product_cat-maquillage-blush-bronzage","7":"product_cat-maquillage","8":"pa_kleur-beige-canelle","9":"pa_kleur-beige-dore","10":"pa_kleur-beige-ivoire","11":"pa_kleur-beige-miel","12":"pa_kleur-hale-delicat","14":"first","15":"instock","16":"taxable","17":"shipping-taxable","18":"product-type-variable"},"acf":[],"_links":{"self":[{"href":"https:\/\/sundar.be\/fr\/wp-json\/wp\/v2\/product\/42843","targetHints":{"allow":["GET"]}}],"collection":[{"href":"https:\/\/sundar.be\/fr\/wp-json\/wp\/v2\/product"}],"about":[{"href":"https:\/\/sundar.be\/fr\/wp-json\/wp\/v2\/types\/product"}],"replies":[{"embeddable":true,"href":"https:\/\/sundar.be\/fr\/wp-json\/wp\/v2\/comments?post=42843"}],"wp:featuredmedia":[{"embeddable":true,"href":"https:\/\/sundar.be\/fr\/wp-json\/wp\/v2\/media\/42838"}],"wp:attachment":[{"href":"https:\/\/sundar.be\/fr\/wp-json\/wp\/v2\/media?parent=42843"}],"wp:term":[{"taxonomy":"product_brand","embeddable":true,"href":"https:\/\/sundar.be\/fr\/wp-json\/wp\/v2\/product_brand?post=42843"},{"taxonomy":"product_cat","embeddable":true,"href":"https:\/\/sundar.be\/fr\/wp-json\/wp\/v2\/product_cat?post=42843"},{"taxonomy":"product_tag","embeddable":true,"href":"https:\/\/sundar.be\/fr\/wp-json\/wp\/v2\/product_tag?post=42843"}],"curies":[{"name":"wp","href":"https:\/\/api.w.org\/{rel}","templated":true}]}}