{"id":42827,"date":"2024-10-04T13:05:29","date_gmt":"2024-10-04T11:05:29","guid":{"rendered":"https:\/\/sundar.be\/product\/arcancil-paris-blush-perfect-5-5g\/"},"modified":"2025-03-13T11:35:53","modified_gmt":"2025-03-13T10:35:53","slug":"arcancil-paris-blush-perfect-5-5g","status":"publish","type":"product","link":"https:\/\/sundar.be\/fr\/produit\/arcancil-paris-blush-perfect-5-5g\/","title":{"rendered":"Arcancil Paris Blush Perfect, 5.5g"},"content":{"rendered":"<p>Vegan et compos\u00e9e \u00e0 85% d&rsquo;ingr\u00e9dients d&rsquo;origine naturelle, la formule cr\u00e9meuse s&rsquo;adapte parfaitement aux joues pour les colorer d\u00e9licatement. Longue tenue et mate, elle est enrichie en huile de jojoba et en cire de carnauba pour un effet naturel, \u00e9clatant et confortable. Disponible en 4 teintes \u00e9clatantes pour des joues d\u00e9licatement color\u00e9es et un maquillage ultra-frais !  <\/p>\n","protected":false},"excerpt":{"rendered":"<p id=\"tw-target-text\" class=\"tw-data-text tw-text-large tw-ta\" dir=\"ltr\" data-placeholder=\"Vertaling\"><span class=\"Y2IQFc\" lang=\"nl\">Le Blush parfait associe une formule naturelle \u00e0 un r\u00e9sultat maquillage color\u00e9 !<\/span><\/p>\n","protected":false},"featured_media":42804,"comment_status":"open","ping_status":"closed","template":"","meta":{"_acf_changed":false},"product_brand":[],"product_cat":[4489,1461],"product_tag":[],"class_list":{"0":"post-42827","1":"product","2":"type-product","3":"status-publish","4":"has-post-thumbnail","6":"product_cat-maquillage-blush-bronzage","7":"product_cat-maquillage","8":"pa_kleur-peche-dore","9":"pa_kleur-rose-frais","10":"pa_kleur-rose-framboise","12":"first","13":"instock","14":"taxable","15":"shipping-taxable","16":"product-type-variable"},"acf":[],"_links":{"self":[{"href":"https:\/\/sundar.be\/fr\/wp-json\/wp\/v2\/product\/42827","targetHints":{"allow":["GET"]}}],"collection":[{"href":"https:\/\/sundar.be\/fr\/wp-json\/wp\/v2\/product"}],"about":[{"href":"https:\/\/sundar.be\/fr\/wp-json\/wp\/v2\/types\/product"}],"replies":[{"embeddable":true,"href":"https:\/\/sundar.be\/fr\/wp-json\/wp\/v2\/comments?post=42827"}],"wp:featuredmedia":[{"embeddable":true,"href":"https:\/\/sundar.be\/fr\/wp-json\/wp\/v2\/media\/42804"}],"wp:attachment":[{"href":"https:\/\/sundar.be\/fr\/wp-json\/wp\/v2\/media?parent=42827"}],"wp:term":[{"taxonomy":"product_brand","embeddable":true,"href":"https:\/\/sundar.be\/fr\/wp-json\/wp\/v2\/product_brand?post=42827"},{"taxonomy":"product_cat","embeddable":true,"href":"https:\/\/sundar.be\/fr\/wp-json\/wp\/v2\/product_cat?post=42827"},{"taxonomy":"product_tag","embeddable":true,"href":"https:\/\/sundar.be\/fr\/wp-json\/wp\/v2\/product_tag?post=42827"}],"curies":[{"name":"wp","href":"https:\/\/api.w.org\/{rel}","templated":true}]}}