{"id":42805,"date":"2024-10-04T12:56:22","date_gmt":"2024-10-04T10:56:22","guid":{"rendered":"https:\/\/sundar.be\/product\/arcancil-paris-color-artist-eyeshadow-3g\/"},"modified":"2025-03-13T11:35:52","modified_gmt":"2025-03-13T10:35:52","slug":"arcancil-paris-color-artist-eyeshadow-3g","status":"publish","type":"product","link":"https:\/\/sundar.be\/fr\/produit\/arcancil-paris-color-artist-eyeshadow-3g\/","title":{"rendered":"Arcancil Paris Color Artist Eyeshadow, 3g"},"content":{"rendered":"<p>Le fard \u00e0 paupi\u00e8res Color Artist offre une large palette de couleurs pour jouer avec les tendances et r\u00e9pondre aux attentes de chacun ! Enrichies en pigments intenses, illuminez le regard d&rsquo;intensit\u00e9 en un instant, avec des effets mats, nacr\u00e9s ou scintillants au choix ! Test\u00e9 sous contr\u00f4le ophtalmologique. Douce et homog\u00e8ne, la texture offre un confort imm\u00e9diat et une adh\u00e9rence parfaite sur la paupi\u00e8re, ainsi qu&rsquo;une couleur longue dur\u00e9e !   <\/p>\n","protected":false},"excerpt":{"rendered":"<p>Color Artist Ombre \u00e0 paupi\u00e8res<\/p>\n","protected":false},"featured_media":42764,"comment_status":"open","ping_status":"closed","template":"","meta":{"_acf_changed":false},"product_brand":[],"product_cat":[1461,4468],"product_tag":[],"class_list":{"0":"post-42805","1":"product","2":"type-product","3":"status-publish","4":"has-post-thumbnail","6":"product_cat-maquillage","7":"product_cat-maquillage-yeux","8":"pa_kleur-beige-toaste","9":"pa_kleur-bleu-azur","10":"pa_kleur-bleu-iridescent","11":"pa_kleur-bleu-miroitant","12":"pa_kleur-bleu-satine","13":"pa_kleur-bollywood","14":"pa_kleur-corail-nacre","15":"pa_kleur-noir-supreme","16":"pa_kleur-paris-by-night","17":"pa_kleur-prune-sauvage","18":"pa_kleur-rose-fantaisie","19":"pa_kleur-rose-perle","20":"pa_kleur-vert-amazone","21":"pa_kleur-vert-mordore","22":"pa_kleur-violet-electrique","24":"first","25":"instock","26":"taxable","27":"shipping-taxable","28":"product-type-variable"},"acf":[],"_links":{"self":[{"href":"https:\/\/sundar.be\/fr\/wp-json\/wp\/v2\/product\/42805","targetHints":{"allow":["GET"]}}],"collection":[{"href":"https:\/\/sundar.be\/fr\/wp-json\/wp\/v2\/product"}],"about":[{"href":"https:\/\/sundar.be\/fr\/wp-json\/wp\/v2\/types\/product"}],"replies":[{"embeddable":true,"href":"https:\/\/sundar.be\/fr\/wp-json\/wp\/v2\/comments?post=42805"}],"wp:featuredmedia":[{"embeddable":true,"href":"https:\/\/sundar.be\/fr\/wp-json\/wp\/v2\/media\/42764"}],"wp:attachment":[{"href":"https:\/\/sundar.be\/fr\/wp-json\/wp\/v2\/media?parent=42805"}],"wp:term":[{"taxonomy":"product_brand","embeddable":true,"href":"https:\/\/sundar.be\/fr\/wp-json\/wp\/v2\/product_brand?post=42805"},{"taxonomy":"product_cat","embeddable":true,"href":"https:\/\/sundar.be\/fr\/wp-json\/wp\/v2\/product_cat?post=42805"},{"taxonomy":"product_tag","embeddable":true,"href":"https:\/\/sundar.be\/fr\/wp-json\/wp\/v2\/product_tag?post=42805"}],"curies":[{"name":"wp","href":"https:\/\/api.w.org\/{rel}","templated":true}]}}