{"id":42742,"date":"2024-10-04T12:32:36","date_gmt":"2024-10-04T10:32:36","guid":{"rendered":"https:\/\/sundar.be\/product\/arcancil-lipstick-caresse-de-rouge-4g\/"},"modified":"2025-03-13T11:35:38","modified_gmt":"2025-03-13T10:35:38","slug":"arcancil-lipstick-caresse-de-rouge-4g","status":"publish","type":"product","link":"https:\/\/sundar.be\/fr\/produit\/arcancil-lipstick-caresse-de-rouge-4g\/","title":{"rendered":"ARCANCIL Lipstick Caresse De Rouge, 4g"},"content":{"rendered":"<p>La texture ultra-douce et exceptionnellement fluide procure une sensation de caresse sur les l\u00e8vres et laisse un fini l\u00e9ger. Concentr\u00e9e en pigments tr\u00e8s intenses, la formule assure un r\u00e9sultat impeccable et une couleur satin\u00e9e intense d\u00e8s la premi\u00e8re application, qui dure toute la journ\u00e9e. <\/p>\n<p>Caresse de Rouge poss\u00e8de une texture ultra-cr\u00e9meuse et satin\u00e9e pour un confort in\u00e9gal\u00e9. Enrichie en huile v\u00e9g\u00e9tale et en agents apaisants, connus pour leurs propri\u00e9t\u00e9s lissantes et nourrissantes, cette formule offre une sensation de douceur intense lors de l&rsquo;application. Ultra concentr\u00e9e en pigments de couleur longue tenue, pour un r\u00e9sultat maquillage impeccable. Son emballage carr\u00e9 noir \u00e9l\u00e9gant dispose d&rsquo;une fermeture magn\u00e9tique tr\u00e8s moderne.   <\/p>\n","protected":false},"excerpt":{"rendered":"<p>Rouge \u00e0 l\u00e8vres<\/p>\n","protected":false},"featured_media":42736,"comment_status":"open","ping_status":"closed","template":"","meta":{"_acf_changed":false},"product_brand":[],"product_cat":[4469,1461],"product_tag":[],"class_list":{"0":"post-42742","1":"product","2":"type-product","3":"status-publish","4":"has-post-thumbnail","6":"product_cat-maquillage-levres","7":"product_cat-maquillage","8":"pa_kleur-fuchsia","9":"pa_kleur-rouge-bordeaux","10":"pa_kleur-rouge-cabaret","12":"first","13":"instock","14":"taxable","15":"shipping-taxable","16":"product-type-variable"},"acf":[],"_links":{"self":[{"href":"https:\/\/sundar.be\/fr\/wp-json\/wp\/v2\/product\/42742","targetHints":{"allow":["GET"]}}],"collection":[{"href":"https:\/\/sundar.be\/fr\/wp-json\/wp\/v2\/product"}],"about":[{"href":"https:\/\/sundar.be\/fr\/wp-json\/wp\/v2\/types\/product"}],"replies":[{"embeddable":true,"href":"https:\/\/sundar.be\/fr\/wp-json\/wp\/v2\/comments?post=42742"}],"wp:featuredmedia":[{"embeddable":true,"href":"https:\/\/sundar.be\/fr\/wp-json\/wp\/v2\/media\/42736"}],"wp:attachment":[{"href":"https:\/\/sundar.be\/fr\/wp-json\/wp\/v2\/media?parent=42742"}],"wp:term":[{"taxonomy":"product_brand","embeddable":true,"href":"https:\/\/sundar.be\/fr\/wp-json\/wp\/v2\/product_brand?post=42742"},{"taxonomy":"product_cat","embeddable":true,"href":"https:\/\/sundar.be\/fr\/wp-json\/wp\/v2\/product_cat?post=42742"},{"taxonomy":"product_tag","embeddable":true,"href":"https:\/\/sundar.be\/fr\/wp-json\/wp\/v2\/product_tag?post=42742"}],"curies":[{"name":"wp","href":"https:\/\/api.w.org\/{rel}","templated":true}]}}