{"id":42714,"date":"2024-10-04T11:46:09","date_gmt":"2024-10-04T09:46:09","guid":{"rendered":"https:\/\/sundar.be\/product\/pince-a-epiler-avec-lumiere-led\/"},"modified":"2025-08-04T13:48:09","modified_gmt":"2025-08-04T11:48:09","slug":"pince-a-epiler-avec-lumiere-led","status":"publish","type":"product","link":"https:\/\/sundar.be\/fr\/produit\/pince-a-epiler-avec-lumiere-led\/","title":{"rendered":"Pince \u00e0 \u00e9piler avec lumi\u00e8re LED"},"content":{"rendered":"<p>Trouver-vous toujours difficile de \u00e9piler avec peu de lumi\u00e8re ? Avec cette pince \u00e0 \u00e9piler pratique, cela devient beaucoup plus facile ! <\/p>\n<ul>\n<li>\u00c9quip\u00e9 d&rsquo;une lumi\u00e8re LED pratique (pile incluse)<\/li>\n<li>Facilite grandement l&rsquo;\u00e9pilation<\/li>\n<li>Augmenter les chances d&rsquo;obtenir un meilleur r\u00e9sultat<\/li>\n<\/ul>\n","protected":false},"excerpt":{"rendered":"<p>Trouver-vous toujours difficile de \u00e9piler avec peu de lumi\u00e8re ? Avec cette pince \u00e0 \u00e9piler pratique, cela devient beaucoup plus facile ! \u00c9quip\u00e9 d&rsquo;une lumi\u00e8re LED pratique (pile incluse) Facilite grandement l&rsquo;\u00e9pilation Augmenter les chances d&rsquo;obtenir un meilleur r\u00e9sultat<\/p>\n","protected":false},"featured_media":42701,"comment_status":"open","ping_status":"closed","template":"","meta":{"_acf_changed":false},"product_brand":[],"product_cat":[4767,4446,1584,5732,5791],"product_tag":[],"class_list":{"0":"post-42714","1":"product","2":"type-product","3":"status-publish","4":"has-post-thumbnail","6":"product_cat-beaute","7":"product_cat-cils-sourcils","8":"product_cat-depilation","9":"product_cat-pince-a-epiler","10":"product_cat-cils-pinces","12":"first","13":"instock","14":"taxable","15":"shipping-taxable","16":"product-type-simple"},"acf":[],"_links":{"self":[{"href":"https:\/\/sundar.be\/fr\/wp-json\/wp\/v2\/product\/42714","targetHints":{"allow":["GET"]}}],"collection":[{"href":"https:\/\/sundar.be\/fr\/wp-json\/wp\/v2\/product"}],"about":[{"href":"https:\/\/sundar.be\/fr\/wp-json\/wp\/v2\/types\/product"}],"replies":[{"embeddable":true,"href":"https:\/\/sundar.be\/fr\/wp-json\/wp\/v2\/comments?post=42714"}],"wp:featuredmedia":[{"embeddable":true,"href":"https:\/\/sundar.be\/fr\/wp-json\/wp\/v2\/media\/42701"}],"wp:attachment":[{"href":"https:\/\/sundar.be\/fr\/wp-json\/wp\/v2\/media?parent=42714"}],"wp:term":[{"taxonomy":"product_brand","embeddable":true,"href":"https:\/\/sundar.be\/fr\/wp-json\/wp\/v2\/product_brand?post=42714"},{"taxonomy":"product_cat","embeddable":true,"href":"https:\/\/sundar.be\/fr\/wp-json\/wp\/v2\/product_cat?post=42714"},{"taxonomy":"product_tag","embeddable":true,"href":"https:\/\/sundar.be\/fr\/wp-json\/wp\/v2\/product_tag?post=42714"}],"curies":[{"name":"wp","href":"https:\/\/api.w.org\/{rel}","templated":true}]}}