{"id":42713,"date":"2024-10-04T11:43:17","date_gmt":"2024-10-04T09:43:17","guid":{"rendered":"https:\/\/sundar.be\/product\/cl-pince-a-cils-droite\/"},"modified":"2025-08-04T13:47:26","modified_gmt":"2025-08-04T11:47:26","slug":"cl-pince-a-cils-droite","status":"publish","type":"product","link":"https:\/\/sundar.be\/fr\/produit\/cl-pince-a-cils-droite\/","title":{"rendered":"CL Pince \u00e0 cils droite"},"content":{"rendered":"<p>Pince droite avec une extr\u00e9mit\u00e9 tr\u00e8s fine.<br \/>\nLongueur : 14 cm.<\/p>\n","protected":false},"excerpt":{"rendered":"<p>Pince droite avec une extr\u00e9mit\u00e9 tr\u00e8s fine. Longueur : 14 cm.<\/p>\n","protected":false},"featured_media":42695,"comment_status":"open","ping_status":"closed","template":"","meta":{"_acf_changed":false},"product_brand":[],"product_cat":[4767,4446,1584,5732,5791],"product_tag":[],"class_list":{"0":"post-42713","1":"product","2":"type-product","3":"status-publish","4":"has-post-thumbnail","6":"product_cat-beaute","7":"product_cat-cils-sourcils","8":"product_cat-depilation","9":"product_cat-pince-a-epiler","10":"product_cat-cils-pinces","12":"first","13":"instock","14":"taxable","15":"shipping-taxable","16":"product-type-simple"},"acf":[],"_links":{"self":[{"href":"https:\/\/sundar.be\/fr\/wp-json\/wp\/v2\/product\/42713","targetHints":{"allow":["GET"]}}],"collection":[{"href":"https:\/\/sundar.be\/fr\/wp-json\/wp\/v2\/product"}],"about":[{"href":"https:\/\/sundar.be\/fr\/wp-json\/wp\/v2\/types\/product"}],"replies":[{"embeddable":true,"href":"https:\/\/sundar.be\/fr\/wp-json\/wp\/v2\/comments?post=42713"}],"wp:featuredmedia":[{"embeddable":true,"href":"https:\/\/sundar.be\/fr\/wp-json\/wp\/v2\/media\/42695"}],"wp:attachment":[{"href":"https:\/\/sundar.be\/fr\/wp-json\/wp\/v2\/media?parent=42713"}],"wp:term":[{"taxonomy":"product_brand","embeddable":true,"href":"https:\/\/sundar.be\/fr\/wp-json\/wp\/v2\/product_brand?post=42713"},{"taxonomy":"product_cat","embeddable":true,"href":"https:\/\/sundar.be\/fr\/wp-json\/wp\/v2\/product_cat?post=42713"},{"taxonomy":"product_tag","embeddable":true,"href":"https:\/\/sundar.be\/fr\/wp-json\/wp\/v2\/product_tag?post=42713"}],"curies":[{"name":"wp","href":"https:\/\/api.w.org\/{rel}","templated":true}]}}