{"id":42684,"date":"2024-10-04T08:40:51","date_gmt":"2024-10-04T06:40:51","guid":{"rendered":"https:\/\/sundar.be\/product\/arcancil-paris-sourcilmatic-brow-mascara-2-8ml\/"},"modified":"2025-08-04T13:47:29","modified_gmt":"2025-08-04T11:47:29","slug":"arcancil-paris-sourcilmatic-brow-mascara-2-8ml","status":"publish","type":"product","link":"https:\/\/sundar.be\/fr\/produit\/arcancil-paris-sourcilmatic-brow-mascara-2-8ml\/","title":{"rendered":"Arcancil Paris Sourcilmatic Brow Mascara, 2.8ml"},"content":{"rendered":"<p>Notre premi\u00e8re mascara pour sourcils pour modeler vos sourcils et intensifier votre couleur naturelle.<\/p>\n<p>SOURCILMATIC se compose d&rsquo;une formule cr\u00e9meuse teint\u00e9e et offre une fini naturelle et poudreuse. Le petit pinceau \u00e0 fibres permet une grande pr\u00e9cision et restructure les sourcils en une seule \u00e9tape. <\/p>\n","protected":false},"excerpt":{"rendered":"<p>Mascara teint\u00e9 waterproof pour les sourcils<\/p>\n","protected":false},"featured_media":42678,"comment_status":"open","ping_status":"closed","template":"","meta":{"_acf_changed":false},"product_brand":[],"product_cat":[4767,1461,4468],"product_tag":[],"class_list":{"0":"post-42684","1":"product","2":"type-product","3":"status-publish","4":"has-post-thumbnail","6":"product_cat-beaute","7":"product_cat-maquillage","8":"product_cat-maquillage-yeux","9":"pa_kleur-blond-fonce","10":"pa_kleur-blond-nude","11":"pa_kleur-dark-brown","13":"first","14":"instock","15":"taxable","16":"shipping-taxable","17":"product-type-variable"},"acf":[],"_links":{"self":[{"href":"https:\/\/sundar.be\/fr\/wp-json\/wp\/v2\/product\/42684","targetHints":{"allow":["GET"]}}],"collection":[{"href":"https:\/\/sundar.be\/fr\/wp-json\/wp\/v2\/product"}],"about":[{"href":"https:\/\/sundar.be\/fr\/wp-json\/wp\/v2\/types\/product"}],"replies":[{"embeddable":true,"href":"https:\/\/sundar.be\/fr\/wp-json\/wp\/v2\/comments?post=42684"}],"wp:featuredmedia":[{"embeddable":true,"href":"https:\/\/sundar.be\/fr\/wp-json\/wp\/v2\/media\/42678"}],"wp:attachment":[{"href":"https:\/\/sundar.be\/fr\/wp-json\/wp\/v2\/media?parent=42684"}],"wp:term":[{"taxonomy":"product_brand","embeddable":true,"href":"https:\/\/sundar.be\/fr\/wp-json\/wp\/v2\/product_brand?post=42684"},{"taxonomy":"product_cat","embeddable":true,"href":"https:\/\/sundar.be\/fr\/wp-json\/wp\/v2\/product_cat?post=42684"},{"taxonomy":"product_tag","embeddable":true,"href":"https:\/\/sundar.be\/fr\/wp-json\/wp\/v2\/product_tag?post=42684"}],"curies":[{"name":"wp","href":"https:\/\/api.w.org\/{rel}","templated":true}]}}