{"id":42667,"date":"2024-10-04T08:21:10","date_gmt":"2024-10-04T06:21:10","guid":{"rendered":"https:\/\/sundar.be\/product\/refectocil-feuilles-de-cils-96-pieces\/"},"modified":"2025-08-04T13:47:21","modified_gmt":"2025-08-04T11:47:21","slug":"refectocil-feuilles-de-cils-96-pieces","status":"publish","type":"product","link":"https:\/\/sundar.be\/fr\/produit\/refectocil-feuilles-de-cils-96-pieces\/","title":{"rendered":"Refectocil Feuilles de cils, 96 pi\u00e8ces"},"content":{"rendered":"<p>Les feuilles sont fabriqu\u00e9es \u00e0 partir d&rsquo;un papier sp\u00e9cial qui se fixe en douceur sur la peau, absorbant l&rsquo;exc\u00e8s de peinture et emp\u00eachant la peau de se colorer.<\/p>\n","protected":false},"excerpt":{"rendered":"<p>96 feuilles pr\u00e9-perfor\u00e9es pour une teinture professionnelle.<\/p>\n","protected":false},"featured_media":42664,"comment_status":"open","ping_status":"closed","template":"","meta":{"_acf_changed":false},"product_brand":[],"product_cat":[4767,4446,4448],"product_tag":[],"class_list":{"0":"post-42667","1":"product","2":"type-product","3":"status-publish","4":"has-post-thumbnail","6":"product_cat-beaute","7":"product_cat-cils-sourcils","8":"product_cat-beaute-refectocil","10":"first","11":"instock","12":"taxable","13":"shipping-taxable","14":"product-type-simple"},"acf":[],"_links":{"self":[{"href":"https:\/\/sundar.be\/fr\/wp-json\/wp\/v2\/product\/42667","targetHints":{"allow":["GET"]}}],"collection":[{"href":"https:\/\/sundar.be\/fr\/wp-json\/wp\/v2\/product"}],"about":[{"href":"https:\/\/sundar.be\/fr\/wp-json\/wp\/v2\/types\/product"}],"replies":[{"embeddable":true,"href":"https:\/\/sundar.be\/fr\/wp-json\/wp\/v2\/comments?post=42667"}],"wp:featuredmedia":[{"embeddable":true,"href":"https:\/\/sundar.be\/fr\/wp-json\/wp\/v2\/media\/42664"}],"wp:attachment":[{"href":"https:\/\/sundar.be\/fr\/wp-json\/wp\/v2\/media?parent=42667"}],"wp:term":[{"taxonomy":"product_brand","embeddable":true,"href":"https:\/\/sundar.be\/fr\/wp-json\/wp\/v2\/product_brand?post=42667"},{"taxonomy":"product_cat","embeddable":true,"href":"https:\/\/sundar.be\/fr\/wp-json\/wp\/v2\/product_cat?post=42667"},{"taxonomy":"product_tag","embeddable":true,"href":"https:\/\/sundar.be\/fr\/wp-json\/wp\/v2\/product_tag?post=42667"}],"curies":[{"name":"wp","href":"https:\/\/api.w.org\/{rel}","templated":true}]}}