{"id":42660,"date":"2024-10-04T08:12:41","date_gmt":"2024-10-04T06:12:41","guid":{"rendered":"https:\/\/sundar.be\/product\/refectocil-tint-remover-150-ml\/"},"modified":"2025-08-04T13:47:16","modified_gmt":"2025-08-04T11:47:16","slug":"refectocil-tint-remover-150-ml","status":"publish","type":"product","link":"https:\/\/sundar.be\/fr\/produit\/refectocil-tint-remover-150-ml\/","title":{"rendered":"Refectocil Tint Remover, 150 ml"},"content":{"rendered":"<p>RefectoCil Tint Remover \u00e9limine rapidement les taches de teinture qui se forment sur la peau lors de la teinture des sourcils. Gr\u00e2ce \u00e0 sa formule douce, il est \u00e9galement adapt\u00e9 aux peaux sensibles.<\/p>\n","protected":false},"excerpt":{"rendered":"<p class=\"serp-title\">Refectocil Tint Remover<\/p>\n","protected":false},"featured_media":42654,"comment_status":"open","ping_status":"closed","template":"","meta":{"_acf_changed":false},"product_brand":[],"product_cat":[4767,4446,4448],"product_tag":[],"class_list":{"0":"post-42660","1":"product","2":"type-product","3":"status-publish","4":"has-post-thumbnail","6":"product_cat-beaute","7":"product_cat-cils-sourcils","8":"product_cat-beaute-refectocil","10":"first","11":"instock","12":"taxable","13":"shipping-taxable","14":"product-type-simple"},"acf":[],"_links":{"self":[{"href":"https:\/\/sundar.be\/fr\/wp-json\/wp\/v2\/product\/42660","targetHints":{"allow":["GET"]}}],"collection":[{"href":"https:\/\/sundar.be\/fr\/wp-json\/wp\/v2\/product"}],"about":[{"href":"https:\/\/sundar.be\/fr\/wp-json\/wp\/v2\/types\/product"}],"replies":[{"embeddable":true,"href":"https:\/\/sundar.be\/fr\/wp-json\/wp\/v2\/comments?post=42660"}],"wp:featuredmedia":[{"embeddable":true,"href":"https:\/\/sundar.be\/fr\/wp-json\/wp\/v2\/media\/42654"}],"wp:attachment":[{"href":"https:\/\/sundar.be\/fr\/wp-json\/wp\/v2\/media?parent=42660"}],"wp:term":[{"taxonomy":"product_brand","embeddable":true,"href":"https:\/\/sundar.be\/fr\/wp-json\/wp\/v2\/product_brand?post=42660"},{"taxonomy":"product_cat","embeddable":true,"href":"https:\/\/sundar.be\/fr\/wp-json\/wp\/v2\/product_cat?post=42660"},{"taxonomy":"product_tag","embeddable":true,"href":"https:\/\/sundar.be\/fr\/wp-json\/wp\/v2\/product_tag?post=42660"}],"curies":[{"name":"wp","href":"https:\/\/api.w.org\/{rel}","templated":true}]}}