{"id":42655,"date":"2024-10-04T08:07:43","date_gmt":"2024-10-04T06:07:43","guid":{"rendered":"https:\/\/sundar.be\/product\/refectocil-styling-gel-9-ml\/"},"modified":"2025-08-04T13:47:10","modified_gmt":"2025-08-04T11:47:10","slug":"refectocil-styling-gel-9-ml","status":"publish","type":"product","link":"https:\/\/sundar.be\/fr\/produit\/refectocil-styling-gel-9-ml\/","title":{"rendered":"Refectocil Styling Gel, 9 ml"},"content":{"rendered":"<p>Le RefectoCil Styling Gel est un gel nourrissant et hydratant pour le soin des cils et sourcils teint\u00e9s.<br \/>\nLes poils brillants semblent plus denses et s\u00e9duisants. Avec un soin quotidien, apr\u00e8s la teinture ou la permanente, les poils restent doux, souples et brillants. Il pr\u00e9vient \u00e9galement la chute pr\u00e9matur\u00e9e des poils teint\u00e9s.  <\/p>\n","protected":false},"excerpt":{"rendered":"<p>RefectoCil Styling Gel est un gel nourrissant et hydratant pour le soin des cils et sourcils teints.<\/p>\n","protected":false},"featured_media":42649,"comment_status":"open","ping_status":"closed","template":"","meta":{"_acf_changed":false},"product_brand":[],"product_cat":[4767,4446,4448],"product_tag":[],"class_list":{"0":"post-42655","1":"product","2":"type-product","3":"status-publish","4":"has-post-thumbnail","6":"product_cat-beaute","7":"product_cat-cils-sourcils","8":"product_cat-beaute-refectocil","10":"first","11":"instock","12":"taxable","13":"shipping-taxable","14":"product-type-simple"},"acf":[],"_links":{"self":[{"href":"https:\/\/sundar.be\/fr\/wp-json\/wp\/v2\/product\/42655","targetHints":{"allow":["GET"]}}],"collection":[{"href":"https:\/\/sundar.be\/fr\/wp-json\/wp\/v2\/product"}],"about":[{"href":"https:\/\/sundar.be\/fr\/wp-json\/wp\/v2\/types\/product"}],"replies":[{"embeddable":true,"href":"https:\/\/sundar.be\/fr\/wp-json\/wp\/v2\/comments?post=42655"}],"wp:featuredmedia":[{"embeddable":true,"href":"https:\/\/sundar.be\/fr\/wp-json\/wp\/v2\/media\/42649"}],"wp:attachment":[{"href":"https:\/\/sundar.be\/fr\/wp-json\/wp\/v2\/media?parent=42655"}],"wp:term":[{"taxonomy":"product_brand","embeddable":true,"href":"https:\/\/sundar.be\/fr\/wp-json\/wp\/v2\/product_brand?post=42655"},{"taxonomy":"product_cat","embeddable":true,"href":"https:\/\/sundar.be\/fr\/wp-json\/wp\/v2\/product_cat?post=42655"},{"taxonomy":"product_tag","embeddable":true,"href":"https:\/\/sundar.be\/fr\/wp-json\/wp\/v2\/product_tag?post=42655"}],"curies":[{"name":"wp","href":"https:\/\/api.w.org\/{rel}","templated":true}]}}