{"id":42650,"date":"2024-10-04T08:02:07","date_gmt":"2024-10-04T06:02:07","guid":{"rendered":"https:\/\/sundar.be\/product\/refectocil-skin-protection-creme-75ml\/"},"modified":"2025-08-04T13:46:49","modified_gmt":"2025-08-04T11:46:49","slug":"refectocil-skin-protection-creme-75ml","status":"publish","type":"product","link":"https:\/\/sundar.be\/fr\/produit\/refectocil-skin-protection-creme-75ml\/","title":{"rendered":"RefectoCil Skin Protection Creme, 75ml"},"content":{"rendered":"<p>RefectoCil Skin Protection Cream &amp; Eye Mask a \u00e9t\u00e9 sp\u00e9cialement con\u00e7u pour fixer les patchs pour cils et offre \u00e9galement une meilleure p\u00e9n\u00e9tration de la couleur.<\/p>\n<p>Vitamine E, Aloe Vera et huile d&rsquo;amande douce \u2013 3 ingr\u00e9dients naturels de haute qualit\u00e9 qui soignent la peau pendant la teinture des cils et sourcils.<\/p>\n","protected":false},"excerpt":{"rendered":"<p>Soin, protection et adh\u00e9sion pour les feuilles de cils RefectoCil.<\/p>\n","protected":false},"featured_media":42644,"comment_status":"open","ping_status":"closed","template":"","meta":{"_acf_changed":false},"product_brand":[],"product_cat":[4767,4446,4448],"product_tag":[],"class_list":{"0":"post-42650","1":"product","2":"type-product","3":"status-publish","4":"has-post-thumbnail","6":"product_cat-beaute","7":"product_cat-cils-sourcils","8":"product_cat-beaute-refectocil","10":"first","11":"instock","12":"taxable","13":"shipping-taxable","14":"product-type-simple"},"acf":[],"_links":{"self":[{"href":"https:\/\/sundar.be\/fr\/wp-json\/wp\/v2\/product\/42650","targetHints":{"allow":["GET"]}}],"collection":[{"href":"https:\/\/sundar.be\/fr\/wp-json\/wp\/v2\/product"}],"about":[{"href":"https:\/\/sundar.be\/fr\/wp-json\/wp\/v2\/types\/product"}],"replies":[{"embeddable":true,"href":"https:\/\/sundar.be\/fr\/wp-json\/wp\/v2\/comments?post=42650"}],"wp:featuredmedia":[{"embeddable":true,"href":"https:\/\/sundar.be\/fr\/wp-json\/wp\/v2\/media\/42644"}],"wp:attachment":[{"href":"https:\/\/sundar.be\/fr\/wp-json\/wp\/v2\/media?parent=42650"}],"wp:term":[{"taxonomy":"product_brand","embeddable":true,"href":"https:\/\/sundar.be\/fr\/wp-json\/wp\/v2\/product_brand?post=42650"},{"taxonomy":"product_cat","embeddable":true,"href":"https:\/\/sundar.be\/fr\/wp-json\/wp\/v2\/product_cat?post=42650"},{"taxonomy":"product_tag","embeddable":true,"href":"https:\/\/sundar.be\/fr\/wp-json\/wp\/v2\/product_tag?post=42650"}],"curies":[{"name":"wp","href":"https:\/\/api.w.org\/{rel}","templated":true}]}}